{"id":20,"date":"2017-05-29T16:09:23","date_gmt":"2017-05-29T16:09:23","guid":{"rendered":"http:\/\/www.puertolumbreras.es\/empleoyformacion\/bolsa-de-trabajo\/"},"modified":"2022-01-28T10:08:52","modified_gmt":"2022-01-28T10:08:52","slug":"bolsa-de-trabajo","status":"publish","type":"page","link":"https:\/\/www.puertolumbreras.es\/cife\/bolsa-de-trabajo\/","title":{"rendered":"Ofertas de empleo"},"content":{"rendered":"<div class=\"job_listings\" data-location=\"\" data-keywords=\"\" data-show_filters=\"true\" data-show_pagination=\"false\" data-per_page=\"10\" data-orderby=\"featured\" data-order=\"DESC\" data-categories=\"\" data-disable-form-state-storage=\"\" data-featured_first=\"false\" data-post_id=\"20\" >\n<form class=\"job_filters\">\n\t\n\t<div class=\"search_jobs\">\n\t\t\n\t\t<div class=\"search_keywords\">\n\t\t\t<label for=\"search_keywords\">Palabras clave<\/label>\n\t\t\t<input type=\"text\" name=\"search_keywords\" id=\"search_keywords\" placeholder=\"Palabras clave\" value=\"\" \/>\n\t\t<\/div>\n\n\t\t<div class=\"search_location\">\n\t\t\t<label for=\"search_location\">Ubicaci\u00f3n<\/label>\n\t\t\t<input type=\"text\" name=\"search_location\" id=\"search_location\" placeholder=\"Ubicaci\u00f3n\" value=\"\" \/>\n\t\t<\/div>\n\n\t\t\t\t\t<div class=\"search_remote_position\">\n\t\t\t\t<input type=\"checkbox\" class=\"input-checkbox\" name=\"remote_position\" id=\"remote_position\" placeholder=\"Ubicaci\u00f3n\" value=\"1\"  \/>\n\t\t\t\t<label for=\"remote_position\" id=\"remote_position_label\">Solo puestos en remoto<\/label>\n\t\t\t<\/div>\n\t\t\n\t\t<div style=\"clear: both\"><\/div>\n\n\t\t\n\t\t\t\t\t<div class=\"search_submit\">\n\t\t\t\t<input type=\"submit\" value=\"Buscar trabajos\">\n\t\t\t<\/div>\n\t\t\n\t\t\t<\/div>\n\n\t\t<ul class=\"job_types\">\n\t\t\t<\/ul>\n\t<input type=\"hidden\" name=\"filter_job_type[]\" value=\"\" \/>\n<div class=\"showing_jobs\"><\/div><\/form>\n\n\n<noscript>Tu navegador no es compatible con JavaScript o est\u00e1 desactivado. JavaScript debe estar activado para poder ver las ofertas.<\/noscript>\n<ul class=\"job_listings\">\n<\/ul>\n<a class=\"load_more_jobs\" href=\"#\" style=\"display:none;\"><strong>Cargar m\u00e1s ofertas<\/strong><\/a><\/div>\n","protected":false},"excerpt":{"rendered":"Palabras clave Ubicaci\u00f3n Solo puestos en remoto Tu navegador no es compatible con JavaScript o est\u00e1 desactivado. JavaScript debe estar activado para poder ver las ofertas. Cargar m\u00e1s ofertas","protected":false},"author":1,"featured_media":0,"parent":0,"menu_order":0,"comment_status":"closed","ping_status":"closed","template":"","meta":{"footnotes":""},"_links":{"self":[{"href":"https:\/\/www.puertolumbreras.es\/cife\/wp-json\/wp\/v2\/pages\/20"}],"collection":[{"href":"https:\/\/www.puertolumbreras.es\/cife\/wp-json\/wp\/v2\/pages"}],"about":[{"href":"https:\/\/www.puertolumbreras.es\/cife\/wp-json\/wp\/v2\/types\/page"}],"author":[{"embeddable":true,"href":"https:\/\/www.puertolumbreras.es\/cife\/wp-json\/wp\/v2\/users\/1"}],"replies":[{"embeddable":true,"href":"https:\/\/www.puertolumbreras.es\/cife\/wp-json\/wp\/v2\/comments?post=20"}],"version-history":[{"count":14,"href":"https:\/\/www.puertolumbreras.es\/cife\/wp-json\/wp\/v2\/pages\/20\/revisions"}],"predecessor-version":[{"id":3308,"href":"https:\/\/www.puertolumbreras.es\/cife\/wp-json\/wp\/v2\/pages\/20\/revisions\/3308"}],"wp:attachment":[{"href":"https:\/\/www.puertolumbreras.es\/cife\/wp-json\/wp\/v2\/media?parent=20"}],"curies":[{"name":"wp","href":"https:\/\/api.w.org\/{rel}","templated":true}]}}