{"id":75,"date":"2016-10-28T09:22:30","date_gmt":"2016-10-28T09:22:30","guid":{"rendered":"http:\/\/www.puertolumbreras.es\/carnetjoven\/?page_id=75"},"modified":"2024-01-08T07:49:27","modified_gmt":"2024-01-08T07:49:27","slug":"comercios-asociados","status":"publish","type":"page","link":"https:\/\/www.puertolumbreras.es\/carnetjoven\/comercios-asociados\/","title":{"rendered":"Comercios Asociados"},"content":{"rendered":"<p>Podr\u00e1s disfrutar de las ventajas del carnet joven en los comercios con el distintivo que aparece en la imagen.<\/p>\n<p><img decoding=\"async\" loading=\"lazy\" class=\"size-full wp-image-64 alignright\" src=\"http:\/\/www.puertolumbreras.es\/carnetjoven\/wp-content\/uploads\/2016\/10\/conseguirlo.jpg\" alt=\"conseguirlo\" width=\"250\" height=\"150\" srcset=\"https:\/\/www.puertolumbreras.es\/carnetjoven\/wp-content\/uploads\/2016\/10\/conseguirlo.jpg 250w, https:\/\/www.puertolumbreras.es\/carnetjoven\/wp-content\/uploads\/2016\/10\/conseguirlo-100x60.jpg 100w, https:\/\/www.puertolumbreras.es\/carnetjoven\/wp-content\/uploads\/2016\/10\/conseguirlo-150x90.jpg 150w, https:\/\/www.puertolumbreras.es\/carnetjoven\/wp-content\/uploads\/2016\/10\/conseguirlo-200x120.jpg 200w\" sizes=\"(max-width: 250px) 100vw, 250px\" \/><\/p>\n<p>Aqu\u00ed puedes consultar la relaci\u00f3n de comercios y sus ofertas actuales.<\/p>\n<p>\u00a0<\/p>\n\n\n<figure class=\"wp-block-table aligncenter\"><table><tbody><tr><td>CLINICA NEXO C\/orfe\u00f3n Fern\u00e1ndez, caballero, 29, bajo.<\/td><td>10% EN NEXOPLANES<\/td><\/tr><tr><td>AUTOESCUELA VIAL SPORT<\/td><td>CLASE PR\u00c1CTICA GRATIS<\/td><\/tr><tr><td>AUTOESCUELA VENTURA<\/td><td>GRATUIDAD DE CLASE PR\u00c1CTICA DE EXAMEN<\/td><\/tr><tr><td>CALZADOS NAYARA<\/td><td>10% DE DESCUENTO EN DEPORTIVOS<\/td><\/tr><tr><td>CALZADOS NIKO<\/td><td>DESCUENTOS ESPECIALES<\/td><\/tr><tr><td>CALZADOS PASCUAL<\/td><td>15% EN BOTAS Y UN 20 % EN BOTINES<\/td><\/tr><tr><td>COMPLETOS DE RAYSER<\/td><td>20% EN BOLSOS Y COMPLEMENTOS<\/td><\/tr><tr><td>CRISTALERIA ROMERA<\/td><td>10%EN ESPEJOS<\/td><\/tr><tr><td>JEROCALOR<\/td><td>10%DE DESCUENTO EN GRIFERIAS, MAMPARAS, PLATOS DE DUCHA Y MUEBLES DE BA\u00d1O.<\/td><\/tr><tr><td>EST\u00c9TICA\/ LIDIA MORALES<\/td><td>10 % DE DESCUENTO EN TRATAMIENTOS DE BELLEZA<\/td><\/tr><tr><td>ASUN<\/td><td>10% DE DESCUENTO EN TRATAMIENTO FACIAL<\/td><\/tr><tr><td>TERE ESTETICA<\/td><td>10% DESCUENTO EN LASER CORPORAL Y 15\u20ac DE DESCUENTO EN TRATAMIENTO FACIAL<\/td><\/tr><tr><td>PELUQUER\u00cdA RUZAFA<\/td><td>10 % DE DESCUENTO LASER Y TRATAMIENTOS CORPORALES<\/td><\/tr><tr><td>PELUQUERIA DE CESAR<\/td><td>10% DE DESCUENTO EN PRODUCTOS Y TODO TIPO DE CORTES DE PELO<\/td><\/tr><tr><td>PELUQUERIA DE RAQUEL<\/td><td>10%DE DESCUENTO EN TODOS LOS SERVICIOS<\/td><\/tr><tr><td>MI YAYA MATILDE<\/td><td>5%DESCUENTO EN ARTICULOS VARIOS<\/td><\/tr><tr><td>ESTETICA CRISTINA VIDAI<\/td><td>20% DE DESCUENTO LIFTING DE PESTE\u00d1AS Y 10% DE DESCUENTO EN HIGIENE FACIAL<\/td><\/tr><tr><td>INMA GARDEN FLORISTERIA<\/td><td>5%DE DESCUENTOS EN TODO TIPO DE PLANTAS<\/td><\/tr><tr><td>FLORISTERIA DIANA FLORISTERIA HENAO<\/td><td>5% en compras superiores a 10euros<\/td><\/tr><tr><td>OPTICA LUMBRERAS<\/td><td>10% DE DESCUENTO EN ARTICULOS VARIOS<\/td><\/tr><tr><td>OPTICA CARCELES<\/td><td><\/td><\/tr><tr><td>OPTICA NOGALTE<\/td><td>10% DESCUENTO EN GAFAS DE VER.<\/td><\/tr><tr><td>FOTOS ISA RUIZ<\/td><td>10% DE DESCUENTO EN TODO<\/td><\/tr><tr><td>FOTOS VICENTE PASTOR<\/td><td>10% DE DESCUENTO EN FOTO DE CANET Y FOTOS DE ESTUDIO.<\/td><\/tr><tr><td>MUEBLES VALVERDE<\/td><td>10\/50\u20acDE DESCUENTO EN PRODUCTOS DE EXPOSICI\u00d3N<\/td><\/tr><tr><td>MUEBLES TORRES<\/td><td>5%DE DCESCUENTO SOBRE PRECIO MARCADO EN EXPOSICI\u00d3N<\/td><\/tr><tr><td>CORTINAS GREGORIO<\/td><td>10% DE DESCUENTO EN PROMOCI\u00d3N NO ACUMULABLE PARA OTRAS COMPRAS<\/td><\/tr><tr><td>ESTUDIO PORTOBELO<\/td><td>10% de descuento en todo<\/td><\/tr><tr><td>DEKOCASA<\/td><td>20% DE DESCUENTO EN L\u00c1MPARAS, 10% EN DECORACI\u00d3N Y15% EN SOMIERES, ALMOHADAS Y COLCHONES.<\/td><\/tr><tr><td>LUCAS JOYEROS<\/td><td>50% DE DESCUENTO EN MARCA DE UNO POR CINCUENTA Y EN LA ZONA OULET Y 15%EN PLATA<\/td><\/tr><tr><td>MARIMAR<\/td><td>3% DE DESCUENTO EN MULTIPRECIO<\/td><\/tr><tr><td>LIBRERIA RAYAS<\/td><td>10 % DE DESCUENTO EN PRODUCTOS DE PAPELERIA.<\/td><\/tr><tr><td>LIBRERIA\/PAPELERIA PAPIRO<\/td><td>15% DE DESCUENTO EN PRODUCTOS DE NAVIDAD Y UN 8% DE DESCUENTO EN COMPRQAS SUPERIORES DE 15E<\/td><\/tr><\/tbody><\/table><\/figure>\n","protected":false},"excerpt":{"rendered":"<p>Podr\u00e1s disfrutar de las ventajas del carnet joven en los comercios con el distintivo que aparece en la imagen. Aqu\u00ed puedes consultar la relaci\u00f3n de comercios y sus ofertas actuales. \u00a0 CLINICA NEXO C\/orfe\u00f3n Fern\u00e1ndez, caballero, 29, bajo. 10% EN &hellip;<\/p>\n<p class=\"read-more\"> <a class=\"more-link\" href=\"https:\/\/www.puertolumbreras.es\/carnetjoven\/comercios-asociados\/\"> <span class=\"screen-reader-text\">Comercios Asociados<\/span> Leer m\u00e1s \u00bb<\/a><\/p>\n","protected":false},"author":1,"featured_media":0,"parent":0,"menu_order":0,"comment_status":"closed","ping_status":"closed","template":"","meta":[],"_links":{"self":[{"href":"https:\/\/www.puertolumbreras.es\/carnetjoven\/wp-json\/wp\/v2\/pages\/75"}],"collection":[{"href":"https:\/\/www.puertolumbreras.es\/carnetjoven\/wp-json\/wp\/v2\/pages"}],"about":[{"href":"https:\/\/www.puertolumbreras.es\/carnetjoven\/wp-json\/wp\/v2\/types\/page"}],"author":[{"embeddable":true,"href":"https:\/\/www.puertolumbreras.es\/carnetjoven\/wp-json\/wp\/v2\/users\/1"}],"replies":[{"embeddable":true,"href":"https:\/\/www.puertolumbreras.es\/carnetjoven\/wp-json\/wp\/v2\/comments?post=75"}],"version-history":[{"count":14,"href":"https:\/\/www.puertolumbreras.es\/carnetjoven\/wp-json\/wp\/v2\/pages\/75\/revisions"}],"predecessor-version":[{"id":397,"href":"https:\/\/www.puertolumbreras.es\/carnetjoven\/wp-json\/wp\/v2\/pages\/75\/revisions\/397"}],"wp:attachment":[{"href":"https:\/\/www.puertolumbreras.es\/carnetjoven\/wp-json\/wp\/v2\/media?parent=75"}],"curies":[{"name":"wp","href":"https:\/\/api.w.org\/{rel}","templated":true}]}}