{"id":33,"date":"2016-10-27T10:16:05","date_gmt":"2016-10-27T10:16:05","guid":{"rendered":"http:\/\/www.puertolumbreras.es\/carnetjoven\/?page_id=33"},"modified":"2016-11-08T12:35:50","modified_gmt":"2016-11-08T12:35:50","slug":"como-conseguir-el-carnet-joven","status":"publish","type":"page","link":"https:\/\/www.puertolumbreras.es\/carnetjoven\/informacion\/como-conseguir-el-carnet-joven\/","title":{"rendered":"\u00bfC\u00f3mo conseguir el carnet joven?"},"content":{"rendered":"<p><img decoding=\"async\" loading=\"lazy\" class=\"size-full wp-image-64 alignright\" src=\"http:\/\/www.puertolumbreras.es\/carnetjoven\/wp-content\/uploads\/2016\/10\/conseguirlo.jpg\" alt=\"conseguirlo\" width=\"250\" height=\"150\" srcset=\"https:\/\/www.puertolumbreras.es\/carnetjoven\/wp-content\/uploads\/2016\/10\/conseguirlo.jpg 250w, https:\/\/www.puertolumbreras.es\/carnetjoven\/wp-content\/uploads\/2016\/10\/conseguirlo-100x60.jpg 100w, https:\/\/www.puertolumbreras.es\/carnetjoven\/wp-content\/uploads\/2016\/10\/conseguirlo-150x90.jpg 150w, https:\/\/www.puertolumbreras.es\/carnetjoven\/wp-content\/uploads\/2016\/10\/conseguirlo-200x120.jpg 200w\" sizes=\"(max-width: 250px) 100vw, 250px\" \/><\/p>\n<p>&nbsp;<\/p>\n<p>Para conseguir el carnet joven y disfrutar de sus ventajas en los comercios de la localidad es necesario rellenar la solicitud que encontrar\u00e1 m\u00e1s abajo y presentarla en el Espacio Joven ubicado en la Calle Doctor Salvador Caballero n\u00famero 13. Tambi\u00e9n puedes llamar al tel\u00e9fono 605270503.<\/p>\n<p><strong><a href=\"http:\/\/www.puertolumbreras.es\/carnetjoven\/wp-content\/uploads\/2016\/11\/folletocarnetjoven.pdf\">Descargar el folleto con Solicitud de Carnet Joven<\/a><\/strong><\/p>\n","protected":false},"excerpt":{"rendered":"<p>&nbsp; Para conseguir el carnet joven y disfrutar de sus ventajas en los comercios de la localidad es necesario rellenar la solicitud que encontrar\u00e1 m\u00e1s abajo y presentarla en el Espacio Joven ubicado en la Calle Doctor Salvador Caballero n\u00famero &hellip;<\/p>\n<p class=\"read-more\"> <a class=\"more-link\" href=\"https:\/\/www.puertolumbreras.es\/carnetjoven\/informacion\/como-conseguir-el-carnet-joven\/\"> <span class=\"screen-reader-text\">\u00bfC\u00f3mo conseguir el carnet joven?<\/span> Leer m\u00e1s \u00bb<\/a><\/p>\n","protected":false},"author":1,"featured_media":0,"parent":29,"menu_order":0,"comment_status":"closed","ping_status":"closed","template":"full-width-page.php","meta":[],"_links":{"self":[{"href":"https:\/\/www.puertolumbreras.es\/carnetjoven\/wp-json\/wp\/v2\/pages\/33"}],"collection":[{"href":"https:\/\/www.puertolumbreras.es\/carnetjoven\/wp-json\/wp\/v2\/pages"}],"about":[{"href":"https:\/\/www.puertolumbreras.es\/carnetjoven\/wp-json\/wp\/v2\/types\/page"}],"author":[{"embeddable":true,"href":"https:\/\/www.puertolumbreras.es\/carnetjoven\/wp-json\/wp\/v2\/users\/1"}],"replies":[{"embeddable":true,"href":"https:\/\/www.puertolumbreras.es\/carnetjoven\/wp-json\/wp\/v2\/comments?post=33"}],"version-history":[{"count":8,"href":"https:\/\/www.puertolumbreras.es\/carnetjoven\/wp-json\/wp\/v2\/pages\/33\/revisions"}],"predecessor-version":[{"id":92,"href":"https:\/\/www.puertolumbreras.es\/carnetjoven\/wp-json\/wp\/v2\/pages\/33\/revisions\/92"}],"up":[{"embeddable":true,"href":"https:\/\/www.puertolumbreras.es\/carnetjoven\/wp-json\/wp\/v2\/pages\/29"}],"wp:attachment":[{"href":"https:\/\/www.puertolumbreras.es\/carnetjoven\/wp-json\/wp\/v2\/media?parent=33"}],"curies":[{"name":"wp","href":"https:\/\/api.w.org\/{rel}","templated":true}]}}