{"id":786,"date":"2017-06-06T09:03:26","date_gmt":"2017-06-06T09:03:26","guid":{"rendered":"http:\/\/www.puertolumbreras.es\/ayuntamiento\/?page_id=786"},"modified":"2022-03-08T11:24:40","modified_gmt":"2022-03-08T11:24:40","slug":"mapa-de-la-web","status":"publish","type":"page","link":"https:\/\/www.puertolumbreras.es\/ayuntamiento\/mapa-de-la-web\/","title":{"rendered":"Mapa de la Web"},"content":{"rendered":"\n<div class=\"wsp-container\"><h2 class=\"wsp-pages-title\">P\u00e1ginas<\/h2>\n<ul class=\"wsp-pages-list\">\n<li class=\"page_item page-item-631\"><a href=\"https:\/\/www.puertolumbreras.es\/ayuntamiento\/7-de-julio\/\">7 de Julio<\/a><\/li>\n<li class=\"page_item page-item-29193\"><a href=\"https:\/\/www.puertolumbreras.es\/ayuntamiento\/actividades-8m\/\">Actividades 8 de marzo<\/a><\/li>\n<li class=\"page_item page-item-14229\"><a href=\"https:\/\/www.puertolumbreras.es\/ayuntamiento\/anuario-2017\/\">Anuario 2017<\/a><\/li>\n<li class=\"page_item page-item-18031\"><a href=\"https:\/\/www.puertolumbreras.es\/ayuntamiento\/anuario-2018\/\">Anuario 2018<\/a><\/li>\n<li class=\"page_item page-item-487\"><a href=\"https:\/\/www.puertolumbreras.es\/ayuntamiento\/anuarios\/\">Anuarios<\/a><\/li>\n<li class=\"page_item page-item-593\"><a href=\"https:\/\/www.puertolumbreras.es\/ayuntamiento\/artesania\/\">Artesan\u00eda<\/a><\/li>\n<li class=\"page_item page-item-30128\"><a href=\"https:\/\/www.puertolumbreras.es\/ayuntamiento\/asociacionismo-del-centro-de-la-mujer\/\">Asociacionismo del Centro de la Mujer<\/a><\/li>\n<li class=\"page_item page-item-789\"><a href=\"https:\/\/www.puertolumbreras.es\/ayuntamiento\/aviso-legal\/\">Aviso Legal<\/a><\/li>\n<li class=\"page_item page-item-34019\"><a href=\"https:\/\/www.puertolumbreras.es\/ayuntamiento\/ayuda-a-las-personas-afectadas-por-la-dana\/\">Ayuda a las personas afectadas por la DANA<\/a><\/li>\n<li class=\"page_item page-item-58\"><a href=\"https:\/\/www.puertolumbreras.es\/ayuntamiento\/\">Ayuntamiento de Puerto Lumbreras<\/a><\/li>\n<li class=\"page_item page-item-634\"><a href=\"https:\/\/www.puertolumbreras.es\/ayuntamiento\/baile-de-la-reina\/\">Baile de la Reina<\/a><\/li>\n<li class=\"page_item page-item-924\"><a href=\"https:\/\/www.puertolumbreras.es\/ayuntamiento\/himno-oficial-puerto-lumbreras\/\">Bandera e Himno oficiales Puerto Lumbreras<\/a><\/li>\n<li class=\"page_item page-item-24228\"><a href=\"https:\/\/www.puertolumbreras.es\/ayuntamiento\/bases-generales-procesos-selectivos-para-el-ingreso-o-acceso-personal-del-ayuntamiento-de-puerto-lumbreras\/\">Bases generales procesos selectivos para el ingreso o acceso personal del Ayuntamiento de Puerto Lumbreras.<\/a><\/li>\n<li class=\"page_item page-item-459\"><a href=\"https:\/\/www.puertolumbreras.es\/ayuntamiento\/buzon-de-sugerencias\/\">Buz\u00f3n de Sugerencias<\/a><\/li>\n<li class=\"page_item page-item-33499\"><a href=\"https:\/\/www.puertolumbreras.es\/ayuntamiento\/majestic-support-controlpanel\/\">Buz\u00f3n del Informante<\/a><\/li>\n<li class=\"page_item page-item-33502\"><a href=\"https:\/\/www.puertolumbreras.es\/ayuntamiento\/buzon-del-informante\/\">Buz\u00f3n del Informante<\/a><\/li>\n<li class=\"page_item page-item-747\"><a href=\"https:\/\/www.puertolumbreras.es\/ayuntamiento\/cabezo-de-la-jara\/\">Cabezo de la Jara<\/a><\/li>\n<li class=\"page_item page-item-531\"><a href=\"https:\/\/www.puertolumbreras.es\/ayuntamiento\/callejero\/\">Callejero<\/a><\/li>\n<li class=\"page_item page-item-701\"><a href=\"https:\/\/www.puertolumbreras.es\/ayuntamiento\/casa-de-los-duendes\/\">Casa de los Duendes<\/a><\/li>\n<li class=\"page_item page-item-720\"><a href=\"https:\/\/www.puertolumbreras.es\/ayuntamiento\/casa-del-cura\/\">Casa del Cura<\/a><\/li>\n<li class=\"page_item page-item-724\"><a href=\"https:\/\/www.puertolumbreras.es\/ayuntamiento\/casa-museo-de-las-cofradias\/\">Casa Museo de las Cofrad\u00edas<\/a><\/li>\n<li class=\"page_item page-item-696\"><a href=\"https:\/\/www.puertolumbreras.es\/ayuntamiento\/casas-cueva\/\">Casas Cueva<\/a><\/li>\n<li class=\"page_item page-item-686\"><a href=\"https:\/\/www.puertolumbreras.es\/ayuntamiento\/castillo-de-nogalte\/\">Castillo de Nogalte<\/a><\/li>\n<li class=\"page_item page-item-390\"><a href=\"https:\/\/www.puertolumbreras.es\/ayuntamiento\/catastro\/\">Catastro<\/a><\/li>\n<li class=\"page_item page-item-30084\"><a href=\"https:\/\/www.puertolumbreras.es\/ayuntamiento\/cavax\/\">CAVAX<\/a><\/li>\n<li class=\"page_item page-item-18704\"><a href=\"https:\/\/www.puertolumbreras.es\/ayuntamiento\/cavi\/\">Cavi (Centro de Atenci\u00f3n a Mujeres V\u00edctimas de Violencia de G\u00e9nero)<\/a><\/li>\n<li class=\"page_item page-item-30046\"><a href=\"https:\/\/www.puertolumbreras.es\/ayuntamiento\/centro-de-atencion-especializada-a-victimas-de-la-violencia-de-genero-cavi\/\">Centro de Atenci\u00f3n Especializada a V\u00edctimas de la Violencia de G\u00e9nero (CAVI)<\/a><\/li>\n<li class=\"page_item page-item-734\"><a href=\"https:\/\/www.puertolumbreras.es\/ayuntamiento\/centro-de-interpretacion\/\">Centro de Interpretaci\u00f3n<\/a><\/li>\n<li class=\"page_item page-item-31210\"><a href=\"https:\/\/www.puertolumbreras.es\/ayuntamiento\/certificados-y-volantes-de-empadronamiento-al-instante\/\">Certificados y volantes de empadronamiento al instante<\/a><\/li>\n<li class=\"page_item page-item-416\"><a href=\"https:\/\/www.puertolumbreras.es\/ayuntamiento\/cita-medica\/\">Cita m\u00e9dica<\/a><\/li>\n<li class=\"page_item page-item-21576\"><a href=\"https:\/\/www.puertolumbreras.es\/ayuntamiento\/cita-previa-ayuntamiento-de-puerto-lumbreras\/\">Cita Previa Ayuntamiento de Puerto Lumbreras<\/a><\/li>\n<li class=\"page_item page-item-511\"><a href=\"https:\/\/www.puertolumbreras.es\/ayuntamiento\/como-llegar\/\">C\u00f3mo Llegar<\/a><\/li>\n<li class=\"page_item page-item-30036\"><a href=\"https:\/\/www.puertolumbreras.es\/ayuntamiento\/concejalia-centro-recursos-familiares\/\">Concejalia del Centro de Recursos Familiares<\/a><\/li>\n<li class=\"page_item page-item-36690\"><a href=\"https:\/\/www.puertolumbreras.es\/ayuntamiento\/concierto-de-navidad-2025-banda-municipal-de-musica\/\">Concierto de Navidad 2025 Banda Municipal de M\u00fasica<\/a><\/li>\n<li class=\"page_item page-item-23047\"><a href=\"https:\/\/www.puertolumbreras.es\/ayuntamiento\/consulta-publica-previa-sobre-la-ordenanza-reguladora-del-servicio-publico-del-cementerio-municipal-san-damian-de-puerto-lumbreras\/\">CONSULTA P\u00daBLICA PREVIA SOBRE LA ORDENANZA REGULADORA DEL SERVICIO P\u00daBLICO DEL CEMENTERIO MUNICIPAL \u201cSAN DAMI\u00c1N\u201d DE PUERTO LUMBRERAS<\/a><\/li>\n<li class=\"page_item page-item-22420\"><a href=\"https:\/\/www.puertolumbreras.es\/ayuntamiento\/consume-en-puerto-lumbreras\/\">Consume en Puerto Lumbreras<\/a><\/li>\n<li class=\"page_item page-item-438\"><a href=\"https:\/\/www.puertolumbreras.es\/ayuntamiento\/contacto\/\">Contacto<\/a><\/li>\n<li class=\"page_item page-item-374\"><a href=\"https:\/\/www.puertolumbreras.es\/ayuntamiento\/contribuyente\/\">Contribuyente<\/a><\/li>\n<li class=\"page_item page-item-287\"><a href=\"https:\/\/www.puertolumbreras.es\/ayuntamiento\/corporacion-municipal\/\">Corporaci\u00f3n Municipal<\/a><\/li>\n<li class=\"page_item page-item-37342\"><a href=\"https:\/\/www.puertolumbreras.es\/ayuntamiento\/curso-atencion-sociosanitaria\/\">Curso atenci\u00f3n sociosanitaria.<\/a><\/li>\n<li class=\"page_item page-item-462\"><a href=\"https:\/\/www.puertolumbreras.es\/ayuntamiento\/dejanos-tu-email\/\">D\u00e9janos tu Email<\/a><\/li>\n<li class=\"page_item page-item-582\"><a href=\"https:\/\/www.puertolumbreras.es\/ayuntamiento\/deportes\/\">Deportes<\/a><\/li>\n<li class=\"page_item page-item-31615\"><a href=\"https:\/\/www.puertolumbreras.es\/ayuntamiento\/comercios\/\">Directorio de comercios de la localidad<\/a><\/li>\n<li class=\"page_item page-item-397\"><a href=\"https:\/\/www.puertolumbreras.es\/ayuntamiento\/directorio-municipal\/\">Directorio Municipal<\/a><\/li>\n<li class=\"page_item page-item-617\"><a href=\"https:\/\/www.puertolumbreras.es\/ayuntamiento\/donde-comer\/\">D\u00f3nde Comer<\/a><\/li>\n<li class=\"page_item page-item-605\"><a href=\"https:\/\/www.puertolumbreras.es\/ayuntamiento\/donde-dormir\/\">D\u00f3nde dormir<\/a><\/li>\n<li class=\"page_item page-item-579\"><a href=\"https:\/\/www.puertolumbreras.es\/ayuntamiento\/economia\/\">Econom\u00eda<\/a><\/li>\n<li class=\"page_item page-item-524\"><a href=\"https:\/\/www.puertolumbreras.es\/ayuntamiento\/el-tiempo-en-puerto-lumbreras\/\">El Tiempo<\/a><\/li>\n<li class=\"page_item page-item-567\"><a href=\"https:\/\/www.puertolumbreras.es\/ayuntamiento\/entorno-geografico\/\">Entorno Geogr\u00e1fico<\/a><\/li>\n<li class=\"page_item page-item-29667\"><a href=\"https:\/\/www.puertolumbreras.es\/ayuntamiento\/escape-room\/\">ESCAPE ROOM + LEGO INCLUSIVO<\/a><\/li>\n<li class=\"page_item page-item-34243\"><a href=\"https:\/\/www.puertolumbreras.es\/ayuntamiento\/escuelas-de-conciliacion-para-navidad-puerto-lumbreras\/\">Escuelas de Conciliaci\u00f3n para Navidad- Puerto Lumbreras<\/a><\/li>\n<li class=\"page_item page-item-24179\"><a href=\"https:\/\/www.puertolumbreras.es\/ayuntamiento\/expediente-3534-2021-de-autorizacion-excepcional-por-interes-publico-para-industria-de-extrusion-de-aluminio-destinada-a-la-fabricacion-de-perfiles-de-aluminio\/\">Expediente 3534\/2021 de AUTORIZACI\u00d3N EXCEPCIONAL POR INTER\u00c9S P\u00daBLICO PARA INDUSTRIA DE EXTRUSI\u00d3N DE ALUMINIO DESTINADA A LA FABRICACI\u00d3N DE PERFILES DE ALUMINIO<\/a><\/li>\n<li class=\"page_item page-item-37206\"><a href=\"https:\/\/www.puertolumbreras.es\/ayuntamiento\/expediente-n-o-5393-2025-de-autorizacion-excepcional-por-razones-de-interes-publico-para-ampliacion-del-consultorio-medico-del-barrio-frances-de-puerto-lumbreras\/\">Expediente n.\u00ba: 5393\/2025 de autorizaci\u00f3n excepcional por razones de inter\u00e9s p\u00fablico para \u201cAmpliaci\u00f3n del Consultorio M\u00e9dico del Barrio Franc\u00e9s de Puerto Lumbreras\u201d<\/a><\/li>\n<li class=\"page_item page-item-19790\"><a href=\"https:\/\/www.puertolumbreras.es\/ayuntamiento\/expedientes-publicos\/\">Expedientes P\u00fablicos<\/a><\/li>\n<li class=\"page_item page-item-419\"><a href=\"https:\/\/www.puertolumbreras.es\/ayuntamiento\/farmacia-de-guardia\/\">Farmacia de Guardia<\/a><\/li>\n<li class=\"page_item page-item-629\"><a href=\"https:\/\/www.puertolumbreras.es\/ayuntamiento\/fiestas-patronales\/\">Fiestas Patronales<\/a><\/li>\n<li class=\"page_item page-item-24345\"><a href=\"https:\/\/www.puertolumbreras.es\/ayuntamiento\/fiestas-patronales-2021\/\">Fiestas Patronales 2021<\/a><\/li>\n<li class=\"page_item page-item-35973\"><a href=\"https:\/\/www.puertolumbreras.es\/ayuntamiento\/fiestas-patronales-2025-pagos\/\">Fiestas patronales 2025 Pagos<\/a><\/li>\n<li class=\"page_item page-item-24710\"><a href=\"https:\/\/www.puertolumbreras.es\/ayuntamiento\/fiestas-purisima-2021\/\">Fiestas Pur\u00edsima 2021<\/a><\/li>\n<li class=\"page_item page-item-660\"><a href=\"https:\/\/www.puertolumbreras.es\/ayuntamiento\/folletos-turisticos\/\">Folletos Tur\u00edsticos<\/a><\/li>\n<li class=\"page_item page-item-758\"><a href=\"https:\/\/www.puertolumbreras.es\/ayuntamiento\/fuente-de-los-canos\/\">Fuente de los Ca\u00f1os<\/a><\/li>\n<li class=\"page_item page-item-645\"><a href=\"https:\/\/www.puertolumbreras.es\/ayuntamiento\/galerias-fotograficas\/\">Galer\u00edas Fotogr\u00e1ficas<\/a><\/li>\n<li class=\"page_item page-item-598\"><a href=\"https:\/\/www.puertolumbreras.es\/ayuntamiento\/gastronomia\/\">Gastronom\u00eda<\/a><\/li>\n<li class=\"page_item page-item-576\"><a href=\"https:\/\/www.puertolumbreras.es\/ayuntamiento\/historia\/\">Historia<\/a><\/li>\n<li class=\"page_item page-item-753\"><a href=\"https:\/\/www.puertolumbreras.es\/ayuntamiento\/iglesia-nuestra-senora-del-rosario\/\">Iglesia Nuestra Se\u00f1ora del Rosario<\/a><\/li>\n<li class=\"page_item page-item-12314\"><a href=\"https:\/\/www.puertolumbreras.es\/ayuntamiento\/impresos-urbanisticos\/\">Impresos Urban\u00edsticos<\/a><\/li>\n<li class=\"page_item page-item-29549\"><a href=\"https:\/\/www.puertolumbreras.es\/ayuntamiento\/llega-700\/\">Llega 700<\/a><\/li>\n<li class=\"page_item page-item-762\"><a href=\"https:\/\/www.puertolumbreras.es\/ayuntamiento\/los-muelles-del-puerto\/\">Los Muelles del Puerto<\/a><\/li>\n<li class=\"page_item page-item-33837\"><a href=\"https:\/\/www.puertolumbreras.es\/ayuntamiento\/mapa-de-actuaciones-feria-de-dia-2024\/\">Mapa de actuaciones feria de d\u00eda 2024<\/a><\/li>\n<li class=\"page_item page-item-786\"><a href=\"https:\/\/www.puertolumbreras.es\/ayuntamiento\/mapa-de-la-web\/\">Mapa de la Web<\/a><\/li>\n<li class=\"page_item page-item-33556\"><a href=\"https:\/\/www.puertolumbreras.es\/ayuntamiento\/matricula-academia-de-musica\/\">Matr\u00edcula academia de m\u00fasica.<\/a><\/li>\n<li class=\"page_item page-item-30095\"><a href=\"https:\/\/www.puertolumbreras.es\/ayuntamiento\/mesa-local-contra-la-violencia-de-genero\/\">Mesa local contra la violencia de g\u00e9nero<\/a><\/li>\n<li class=\"page_item page-item-718\"><a href=\"https:\/\/www.puertolumbreras.es\/ayuntamiento\/museo-augusto-vels\/\">Museo Augusto Vels<\/a><\/li>\n<li class=\"page_item page-item-731\"><a href=\"https:\/\/www.puertolumbreras.es\/ayuntamiento\/museo-del-folklore\/\">Museo del Folklore<\/a><\/li>\n<li class=\"page_item page-item-742\"><a href=\"https:\/\/www.puertolumbreras.es\/ayuntamiento\/observatorio-astronomico\/\">Observatorio Astron\u00f3mico<\/a><\/li>\n<li class=\"page_item page-item-426\"><a href=\"https:\/\/www.puertolumbreras.es\/ayuntamiento\/ofertas-de-empleo\/\">Ofertas de Empleo<\/a><\/li>\n<li class=\"page_item page-item-429\"><a href=\"https:\/\/www.puertolumbreras.es\/ayuntamiento\/ofertas-de-formacion\/\">Ofertas de Formaci\u00f3n<\/a><\/li>\n<li class=\"page_item page-item-22660\"><a href=\"https:\/\/www.puertolumbreras.es\/ayuntamiento\/oficina-de-turismo\/\">Oficina de Turismo<\/a><\/li>\n<li class=\"page_item page-item-13838\"><a href=\"https:\/\/www.puertolumbreras.es\/ayuntamiento\/oficina-de-turismo-virtual\/\">Oficina de Turismo Virtual<\/a><\/li>\n<li class=\"page_item page-item-311\"><a href=\"https:\/\/www.puertolumbreras.es\/ayuntamiento\/ordenanzas-anteriores\/\">Ordenanzas Anteriores<\/a><\/li>\n<li class=\"page_item page-item-315\"><a href=\"https:\/\/www.puertolumbreras.es\/ayuntamiento\/ordenanzas-municipales\/\">Ordenanzas Municipales<\/a><\/li>\n<li class=\"page_item page-item-290\"><a href=\"https:\/\/www.puertolumbreras.es\/ayuntamiento\/organos-de-gobierno\/\">Organos de Gobierno<\/a><\/li>\n<li class=\"page_item page-item-20\"><a href=\"https:\/\/www.puertolumbreras.es\/ayuntamiento\/pagina-en-obras\/\">P\u00e1gina en Obras<\/a><\/li>\n<li class=\"page_item page-item-35908\"><a href=\"https:\/\/www.puertolumbreras.es\/ayuntamiento\/pago-entradas-baile-de-la-reina\/\">Pago Entradas Baile de la Reina<\/a><\/li>\n<li class=\"page_item page-item-328\"><a href=\"https:\/\/www.puertolumbreras.es\/ayuntamiento\/perfil-de-contratante\/\">Perfil de Contratante<\/a><\/li>\n<li class=\"page_item page-item-29153\"><a href=\"https:\/\/www.puertolumbreras.es\/ayuntamiento\/plan-de-medidas-anti-fraude\/\">Plan de Medidas anti fraude<\/a><\/li>\n<li class=\"page_item page-item-23401\"><a href=\"https:\/\/www.puertolumbreras.es\/ayuntamiento\/plangeneral\/\">Plan General de Ordenaci\u00f3n Urbana de Puerto Lumbreras<\/a><\/li>\n<li class=\"page_item page-item-22810\"><a href=\"https:\/\/www.puertolumbreras.es\/ayuntamiento\/plan-parcial-del-sector-r-2-1\/\">Plan Parcial del Sector R-2.1<\/a><\/li>\n<li class=\"page_item page-item-322\"><a href=\"https:\/\/www.puertolumbreras.es\/ayuntamiento\/pgou\/\">Planeamiento Urban\u00edstico<\/a><\/li>\n<li class=\"page_item page-item-297\"><a href=\"https:\/\/www.puertolumbreras.es\/ayuntamiento\/portal-de-transparencia\/\">Portal de Transparencia<\/a><\/li>\n<li class=\"page_item page-item-505\"><a href=\"https:\/\/www.puertolumbreras.es\/ayuntamiento\/portal-web-medina-nogalte\/\">Portal web Medina Nogalte<\/a><\/li>\n<li class=\"page_item page-item-23175\"><a href=\"https:\/\/www.puertolumbreras.es\/ayuntamiento\/premios-de-comercio\/\">Premios de Comercio<\/a><\/li>\n<li class=\"page_item page-item-34616\"><a href=\"https:\/\/www.puertolumbreras.es\/ayuntamiento\/presupuesto-2025-prorrogado\/\">Presupuesto 2025 prorrogado de 2024<\/a><\/li>\n<li class=\"page_item page-item-36763\"><a href=\"https:\/\/www.puertolumbreras.es\/ayuntamiento\/presupuesto-2026-prorrogado-de-2025\/\">Presupuesto 2026 prorrogado de 2025<\/a><\/li>\n<li class=\"page_item page-item-12219\"><a href=\"https:\/\/www.puertolumbreras.es\/ayuntamiento\/presupuestos2014\/\">Presupuestos 2014<\/a><\/li>\n<li class=\"page_item page-item-12226\"><a href=\"https:\/\/www.puertolumbreras.es\/ayuntamiento\/presupuestos2015\/\">Presupuestos 2015<\/a><\/li>\n<li class=\"page_item page-item-12231\"><a href=\"https:\/\/www.puertolumbreras.es\/ayuntamiento\/presupuestos2016\/\">Presupuestos 2016<\/a><\/li>\n<li class=\"page_item page-item-12550\"><a href=\"https:\/\/www.puertolumbreras.es\/ayuntamiento\/presupuestos-2017\/\">Presupuestos 2017<\/a><\/li>\n<li class=\"page_item page-item-13905\"><a href=\"https:\/\/www.puertolumbreras.es\/ayuntamiento\/presupuestos-2018\/\">Presupuestos 2018<\/a><\/li>\n<li class=\"page_item page-item-20536\"><a href=\"https:\/\/www.puertolumbreras.es\/ayuntamiento\/presupuestos-2019\/\">Presupuestos 2019<\/a><\/li>\n<li class=\"page_item page-item-20828\"><a href=\"https:\/\/www.puertolumbreras.es\/ayuntamiento\/presupuestos-2020\/\">Presupuestos 2020<\/a><\/li>\n<li class=\"page_item page-item-24474\"><a href=\"https:\/\/www.puertolumbreras.es\/ayuntamiento\/presupuestos-2021\/\">Presupuestos 2021<\/a><\/li>\n<li class=\"page_item page-item-32500\"><a href=\"https:\/\/www.puertolumbreras.es\/ayuntamiento\/presupuestos-2024\/\">Presupuestos 2024<\/a><\/li>\n<li class=\"page_item page-item-35574\"><a href=\"https:\/\/www.puertolumbreras.es\/ayuntamiento\/presupuestos-2025\/\">Presupuestos 2025<\/a><\/li>\n<li class=\"page_item page-item-318\"><a href=\"https:\/\/www.puertolumbreras.es\/ayuntamiento\/presupuestos-municipales\/\">Presupuestos Municipales<\/a><\/li>\n<li class=\"page_item page-item-30043\"><a href=\"https:\/\/www.puertolumbreras.es\/ayuntamiento\/prevencion-de-la-violencia-hacia-las-mujeres\/\">PREVENCI\u00d3N DE LA VIOLENCIA HACIA LAS MUJERES<\/a><\/li>\n<li class=\"page_item page-item-31427\"><a href=\"https:\/\/www.puertolumbreras.es\/ayuntamiento\/programacion-25n-2023\/\">Programaci\u00f3n 25N 2023<\/a><\/li>\n<li class=\"page_item page-item-34065\"><a href=\"https:\/\/www.puertolumbreras.es\/ayuntamiento\/programacion-25n-2024\/\">Programaci\u00f3n 25N 2024<\/a><\/li>\n<li class=\"page_item page-item-24808\"><a href=\"https:\/\/www.puertolumbreras.es\/ayuntamiento\/programacion-navidad-2021\/\">Programaci\u00f3n Navidad 2021<\/a><\/li>\n<li class=\"page_item page-item-14357\"><a href=\"https:\/\/www.puertolumbreras.es\/ayuntamiento\/programacion-semana-santa-2018\/\">Programaci\u00f3n Semana Santa 2018<\/a><\/li>\n<li class=\"page_item page-item-30113\"><a href=\"https:\/\/www.puertolumbreras.es\/ayuntamiento\/promocion-de-la-igualdad-de-oportunidades\/\">Promoci\u00f3n de la igualdad de oportunidades<\/a><\/li>\n<li class=\"page_item page-item-30101\"><a href=\"https:\/\/www.puertolumbreras.es\/ayuntamiento\/protocolo-avisa\/\">Protocolo AVISA<\/a><\/li>\n<li class=\"page_item page-item-475\"><a href=\"https:\/\/www.puertolumbreras.es\/ayuntamiento\/publicaciones-prensa\/\">Publicaciones Prensa<\/a><\/li>\n<li class=\"page_item page-item-28101\"><a href=\"https:\/\/www.puertolumbreras.es\/ayuntamiento\/punto-violeta-de-prevencion-contra-la-violencia-sexual\/\">Punto violeta de prevenci\u00f3n contra la violencia sexual<\/a><\/li>\n<li class=\"page_item page-item-30077\"><a href=\"https:\/\/www.puertolumbreras.es\/ayuntamiento\/recursos-para-la-atencion-especializada-en-violencia-sexual\/\">Recursos para la Atenci\u00f3n Especializada en Violencia Sexual<\/a><\/li>\n<li class=\"page_item page-item-443\"><a href=\"https:\/\/www.puertolumbreras.es\/ayuntamiento\/redes-sociales\/\">Redes Sociales<\/a><\/li>\n<li class=\"page_item page-item-338\"><a href=\"https:\/\/www.puertolumbreras.es\/ayuntamiento\/resultados-elecciones\/\">Resultados Elecciones<\/a><\/li>\n<li class=\"page_item page-item-262\"><a href=\"https:\/\/www.puertolumbreras.es\/ayuntamiento\/saluda-alcaldesa\/\">Saluda Alcaldesa<\/a><\/li>\n<li class=\"page_item page-item-637\"><a href=\"https:\/\/www.puertolumbreras.es\/ayuntamiento\/semana-santa\/\">Semana Santa<\/a><\/li>\n<li class=\"page_item page-item-13291\"><a href=\"https:\/\/www.puertolumbreras.es\/ayuntamiento\/servicio-de-avisos-a-vecinos-por-whatsapp\/\">Servicio de Avisos a Vecinos por Whatsapp<\/a><\/li>\n<li class=\"page_item page-item-11726\"><a href=\"https:\/\/www.puertolumbreras.es\/ayuntamiento\/servicio-de-informatica\/\">Servicio de Inform\u00e1tica<\/a><\/li>\n<li class=\"page_item page-item-346\"><a href=\"https:\/\/www.puertolumbreras.es\/ayuntamiento\/tablon-de-anuncios\/\">Tabl\u00f3n de Anuncios<\/a><\/li>\n<li class=\"page_item page-item-30109\"><a href=\"https:\/\/www.puertolumbreras.es\/ayuntamiento\/telefono-acompanando-t\/\">Tel\u00e9fono acompa\u00f1ando-T<\/a><\/li>\n<li class=\"page_item page-item-588\"><a href=\"https:\/\/www.puertolumbreras.es\/ayuntamiento\/transporte\/\">Transporte<\/a><\/li>\n<li class=\"page_item page-item-355\"><a href=\"https:\/\/www.puertolumbreras.es\/ayuntamiento\/tu-alcaldesa-en-la-red\/\">Tu Alcaldesa en la Red<\/a><\/li>\n<li class=\"page_item page-item-20965\"><a href=\"https:\/\/www.puertolumbreras.es\/ayuntamiento\/tu-ayuntamiento-responde\/\">Tu Ayuntamiento Responde<\/a><\/li>\n<li class=\"page_item page-item-34238\"><a href=\"https:\/\/www.puertolumbreras.es\/ayuntamiento\/plenos-infantiles\/\">V\u00eddeos Plenos Infantiles<\/a><\/li>\n<li class=\"page_item page-item-305\"><a href=\"https:\/\/www.puertolumbreras.es\/ayuntamiento\/actas-plenos-comisiones-de-gobierno-y-otros\/\">V\u00eddeos y Actas Plenos. Actas de las Juntas de Gobierno y Comisiones Informativas<\/a><\/li>\n<li class=\"page_item page-item-859\"><a href=\"https:\/\/www.puertolumbreras.es\/ayuntamiento\/web-cife-2\/\">Web Cife 2<\/a><\/li>\n<li class=\"page_item page-item-857\"><a href=\"https:\/\/www.puertolumbreras.es\/ayuntamiento\/web-de-deportes\/\">Web de deportes<\/a><\/li>\n<li class=\"page_item page-item-13753\"><a href=\"https:\/\/www.puertolumbreras.es\/ayuntamiento\/feria-de-coleccionismo\/\">Web de la Feria de Coleccionismo de Puerto Lumbreras<\/a><\/li>\n<li class=\"page_item page-item-454\"><a href=\"https:\/\/www.puertolumbreras.es\/ayuntamiento\/wifi-publica\/\">Wifi P\u00fablica<\/a><\/li>\n<li class=\"page_item page-item-370\"><a href=\"https:\/\/www.puertolumbreras.es\/ayuntamiento\/sede-electronica\/\">Sede Electr\u00f3nica<\/a><\/li>\n<\/ul>\n<\/div>\n","protected":false},"excerpt":{"rendered":"P\u00e1ginas 7 de Julio Actividades 8 de marzo Anuario 2017 Anuario 2018 Anuarios Artesan\u00eda Asociacionismo del Centro de la Mujer Aviso Legal Ayuda a las personas afectadas por la DANA Ayuntamiento de Puerto Lumbreras Baile de la Reina Bandera e Himno oficiales Puerto Lumbreras Bases generales procesos selectivos para el ingreso o acceso personal del [...]","protected":false},"author":1,"featured_media":0,"parent":0,"menu_order":0,"comment_status":"closed","ping_status":"closed","template":"","meta":{"footnotes":""},"class_list":["post-786","page","type-page","status-publish","hentry"],"_links":{"self":[{"href":"https:\/\/www.puertolumbreras.es\/ayuntamiento\/wp-json\/wp\/v2\/pages\/786","targetHints":{"allow":["GET"]}}],"collection":[{"href":"https:\/\/www.puertolumbreras.es\/ayuntamiento\/wp-json\/wp\/v2\/pages"}],"about":[{"href":"https:\/\/www.puertolumbreras.es\/ayuntamiento\/wp-json\/wp\/v2\/types\/page"}],"author":[{"embeddable":true,"href":"https:\/\/www.puertolumbreras.es\/ayuntamiento\/wp-json\/wp\/v2\/users\/1"}],"replies":[{"embeddable":true,"href":"https:\/\/www.puertolumbreras.es\/ayuntamiento\/wp-json\/wp\/v2\/comments?post=786"}],"version-history":[{"count":2,"href":"https:\/\/www.puertolumbreras.es\/ayuntamiento\/wp-json\/wp\/v2\/pages\/786\/revisions"}],"predecessor-version":[{"id":25508,"href":"https:\/\/www.puertolumbreras.es\/ayuntamiento\/wp-json\/wp\/v2\/pages\/786\/revisions\/25508"}],"wp:attachment":[{"href":"https:\/\/www.puertolumbreras.es\/ayuntamiento\/wp-json\/wp\/v2\/media?parent=786"}],"curies":[{"name":"wp","href":"https:\/\/api.w.org\/{rel}","templated":true}]}}