{"id":734,"date":"2017-06-06T07:35:25","date_gmt":"2017-06-06T07:35:25","guid":{"rendered":"http:\/\/www.puertolumbreras.es\/ayuntamiento\/?page_id=734"},"modified":"2017-06-06T07:35:25","modified_gmt":"2017-06-06T07:35:25","slug":"centro-de-interpretacion","status":"publish","type":"page","link":"https:\/\/www.puertolumbreras.es\/ayuntamiento\/centro-de-interpretacion\/","title":{"rendered":"Centro de Interpretaci\u00f3n"},"content":{"rendered":"<figure id=\"attachment_751\" aria-describedby=\"caption-attachment-751\" style=\"width: 300px\" class=\"wp-caption alignright\"><img loading=\"lazy\" decoding=\"async\" class=\"size-medium wp-image-751\" src=\"http:\/\/www.puertolumbreras.es\/ayuntamiento\/wp-content\/uploads\/2017\/06\/cabezodelajara3-300x201.jpg\" alt=\"Albergue Juvenil Cabezo de la Jara\" width=\"300\" height=\"201\" \/><figcaption id=\"caption-attachment-751\" class=\"wp-caption-text\">Albergue Juvenil Cabezo de la Jara<\/figcaption><\/figure>\n<p>Se localiza a 7 kil\u00f3metros del casco urbano de Puerto Lumbreras, en el paraje natural de Cabezo de la Jara en el municipio de Puerto Lumbreras, (Murcia) Espa\u00f1a. Dentro del albergue juvenil y junto al Observatorio Astron\u00f3mico. El Cabezo de la Jara, la mayor elevaci\u00f3n del municipio (1247 m.s.n.m), conserva un importante patrimonio natural que puede ser disfrutado por los visitantes gracias a los diferentes senderos que lo recorren y a la visita al Centro de Interpretaci\u00f3n.<\/p>\n<h3>Visita al Centro de Interpretaci\u00f3n<\/h3>\n<figure id=\"attachment_740\" aria-describedby=\"caption-attachment-740\" style=\"width: 300px\" class=\"wp-caption alignleft\"><img loading=\"lazy\" decoding=\"async\" class=\"size-medium wp-image-740\" src=\"http:\/\/www.puertolumbreras.es\/ayuntamiento\/wp-content\/uploads\/2017\/06\/centrointerpretacion3-300x201.jpg\" alt=\"Centro de Interpretaci\u00f3n\" width=\"300\" height=\"201\" \/><figcaption id=\"caption-attachment-740\" class=\"wp-caption-text\">Centro de Interpretaci\u00f3n<\/figcaption><\/figure>\n<p>El Centro cuenta con una superficie total de casi 200 metros cuadrados y en los que se ubica una recepci\u00f3n, una sala de audiovisuales, y una zona permanente de exposiciones sobre los recursos y espacios naturales del municipio.<\/p>\n<p>A trav\u00e9s de seis espacios con diferentes tem\u00e1ticas, el visitante puede conocer el patrimonio natural lumbrerense, recorrido que se completa con actividades al aire libre para familias y escolares, como talleres ambientales y de recursos naturales. Adem\u00e1s, es el punto de partida de diferentes senderos naturales e interpretativos que recorren este espacio protegido.<\/p>\n<figure id=\"attachment_738\" aria-describedby=\"caption-attachment-738\" style=\"width: 300px\" class=\"wp-caption alignright\"><img loading=\"lazy\" decoding=\"async\" class=\"size-medium wp-image-738\" src=\"http:\/\/www.puertolumbreras.es\/ayuntamiento\/wp-content\/uploads\/2017\/06\/centrointerpretacion2-300x201.jpg\" alt=\"Centro de Interpretaci\u00f3n en Albergue Juvenil Cabezo de la Jara\" width=\"300\" height=\"201\" \/><figcaption id=\"caption-attachment-738\" class=\"wp-caption-text\">Centro de Interpretaci\u00f3n<\/figcaption><\/figure>\n<p>&nbsp;<\/p>\n<p>Los \u00e1mbitos tem\u00e1ticos en los que se organiza el Centro de Interpretaci\u00f3n son:<\/p>\n<ul>\n<li><strong>Espacio Natural<\/strong>, en el que se explican las caracter\u00edsticas de este espacio protegido, contemplado como Lugar de Inter\u00e9s Comunitario (L.I.C) y los elementos singulares que conforman el paisaje representados sobre una maqueta de gran tama\u00f1o en la que se sit\u00faan los diferentes puntos que van a visitar.<\/li>\n<li><strong>Paisaje<\/strong>. Mediante paneles retroiluminados se da a conocer la evoluci\u00f3n geol\u00f3gica del Cabezo de la Jara.<\/li>\n<li><strong>Flora<\/strong>. A trav\u00e9s de juegos interactivos y aromas, se explica la flora aut\u00f3ctona y las especies protegidas que se pueden encontrar en el paraje natural.<\/li>\n<li><strong>Fauna<\/strong>. En este \u00e1mbito se presenta la fauna caracter\u00edstica: b\u00fahos reales, \u00e1guilas perdiceras, zorros y la tortuga mora.<\/li>\n<li><strong>El hombre<\/strong>. Recorrido por la historia y tradiciones del municipio, por su artesan\u00eda y gastronom\u00eda.<\/li>\n<li><strong>Sala de audiovisuales<\/strong>. Una visita virtual por los rincones m\u00e1s emblem\u00e1ticos, donde se puede descubrir los colores los aromas y la esencia de Puerto Lumbreras.<\/li>\n<\/ul>\n<p>Junto al Centro de Interpretaci\u00f3n se encuentra el<strong> Albergue Juvenil<\/strong>. Cuenta con varias estancias perfectamente equipadas, comedor, sala de audiovisuales y amplias terrazas exteriores. Organiza numerosas actividades a lo largo del a\u00f1o.<\/p>\n","protected":false},"excerpt":{"rendered":"<p>Se localiza a 7 kil\u00f3metros del casco urbano de Puerto Lumbreras, en el paraje natural de Cabezo de la Jara en el municipio de Puerto Lumbreras, (Murcia) Espa\u00f1a. Dentro del albergue juvenil y junto al Observatorio Astron\u00f3mico. El Cabezo de la Jara, la mayor elevaci\u00f3n del municipio (1247 m.s.n.m), conserva un importante patrimonio natural que [&hellip;]<\/p>\n","protected":false},"author":1,"featured_media":0,"parent":0,"menu_order":0,"comment_status":"closed","ping_status":"closed","template":"","meta":{"footnotes":""},"class_list":["post-734","page","type-page","status-publish","hentry"],"_links":{"self":[{"href":"https:\/\/www.puertolumbreras.es\/ayuntamiento\/wp-json\/wp\/v2\/pages\/734","targetHints":{"allow":["GET"]}}],"collection":[{"href":"https:\/\/www.puertolumbreras.es\/ayuntamiento\/wp-json\/wp\/v2\/pages"}],"about":[{"href":"https:\/\/www.puertolumbreras.es\/ayuntamiento\/wp-json\/wp\/v2\/types\/page"}],"author":[{"embeddable":true,"href":"https:\/\/www.puertolumbreras.es\/ayuntamiento\/wp-json\/wp\/v2\/users\/1"}],"replies":[{"embeddable":true,"href":"https:\/\/www.puertolumbreras.es\/ayuntamiento\/wp-json\/wp\/v2\/comments?post=734"}],"version-history":[{"count":0,"href":"https:\/\/www.puertolumbreras.es\/ayuntamiento\/wp-json\/wp\/v2\/pages\/734\/revisions"}],"wp:attachment":[{"href":"https:\/\/www.puertolumbreras.es\/ayuntamiento\/wp-json\/wp\/v2\/media?parent=734"}],"curies":[{"name":"wp","href":"https:\/\/api.w.org\/{rel}","templated":true}]}}