{"id":724,"date":"2017-06-06T07:20:39","date_gmt":"2017-06-06T07:20:39","guid":{"rendered":"http:\/\/www.puertolumbreras.es\/ayuntamiento\/?page_id=724"},"modified":"2022-03-18T11:06:35","modified_gmt":"2022-03-18T11:06:35","slug":"casa-museo-de-las-cofradias","status":"publish","type":"page","link":"https:\/\/www.puertolumbreras.es\/ayuntamiento\/casa-museo-de-las-cofradias\/","title":{"rendered":"Casa Museo de las Cofrad\u00edas"},"content":{"rendered":"<figure id=\"attachment_725\" aria-describedby=\"caption-attachment-725\" style=\"width: 300px\" class=\"wp-caption alignright\"><img loading=\"lazy\" decoding=\"async\" class=\"size-medium wp-image-725\" src=\"http:\/\/www.puertolumbreras.es\/ayuntamiento\/wp-content\/uploads\/2017\/06\/museocofradias-300x296.jpg\" alt=\"Museo de las Cofrad\u00edas\" width=\"300\" height=\"296\" \/><figcaption id=\"caption-attachment-725\" class=\"wp-caption-text\">Museo de las Cofrad\u00edas<\/figcaption><\/figure>\n<p>La casa Museo de las Cofrad\u00edas se sit\u00faa en la calle Francisco Tirado de la localidad de Puerto Lumbreras (Regi\u00f3n de Murcia, Espa\u00f1a), junto a la Casa de los Duendes y pr\u00f3xima a la Iglesia Parroquial de Nuestra Se\u00f1ora del Rosario. Inaugurada en el a\u00f1o 2012, se emplaza en un edificio con una superficie de casi 1200 metros cuadrados repartidos en s\u00f3tano, planta baja y dos pisos superiores.<\/p>\n<h2>El Museo<\/h2>\n<p>Muestra algunos de los tronos e im\u00e1genes de la Semana Santa lumbrerense, junto a objetos antiguos relacionados con esta festividad, una selecci\u00f3n de trajes y estandartes que desfilan en las procesiones, y los carteles creados en los \u00faltimos veinte a\u00f1os para anunciar la Semana Santa.<\/p>\n<p>En la planta s\u00f3tano se sit\u00faa la Cofrad\u00eda del Cristo de la Fe y Mar\u00eda Sant\u00edsima de la Piedad mientras que en la primera se exponen las colecciones de las cofrad\u00edas de Nuestro Padre Jes\u00fas y la de la Virgen de Los Dolores. El edificio tambi\u00e9n dispone en el primer piso de otros espacios para despachos, una sala de usos m\u00faltiples y otra para archivo de documentos relacionados con la Semana Santa.<\/p>\n","protected":false},"excerpt":{"rendered":"<p>La casa Museo de las Cofrad\u00edas se sit\u00faa en la calle Francisco Tirado de la localidad de Puerto Lumbreras (Regi\u00f3n de Murcia, Espa\u00f1a), junto a la Casa de los Duendes y pr\u00f3xima a la Iglesia Parroquial de Nuestra Se\u00f1ora del Rosario. Inaugurada en el a\u00f1o 2012, se emplaza en un edificio con una superficie de [&hellip;]<\/p>\n","protected":false},"author":1,"featured_media":0,"parent":0,"menu_order":0,"comment_status":"closed","ping_status":"closed","template":"","meta":{"footnotes":""},"class_list":["post-724","page","type-page","status-publish","hentry"],"_links":{"self":[{"href":"https:\/\/www.puertolumbreras.es\/ayuntamiento\/wp-json\/wp\/v2\/pages\/724","targetHints":{"allow":["GET"]}}],"collection":[{"href":"https:\/\/www.puertolumbreras.es\/ayuntamiento\/wp-json\/wp\/v2\/pages"}],"about":[{"href":"https:\/\/www.puertolumbreras.es\/ayuntamiento\/wp-json\/wp\/v2\/types\/page"}],"author":[{"embeddable":true,"href":"https:\/\/www.puertolumbreras.es\/ayuntamiento\/wp-json\/wp\/v2\/users\/1"}],"replies":[{"embeddable":true,"href":"https:\/\/www.puertolumbreras.es\/ayuntamiento\/wp-json\/wp\/v2\/comments?post=724"}],"version-history":[{"count":1,"href":"https:\/\/www.puertolumbreras.es\/ayuntamiento\/wp-json\/wp\/v2\/pages\/724\/revisions"}],"predecessor-version":[{"id":26773,"href":"https:\/\/www.puertolumbreras.es\/ayuntamiento\/wp-json\/wp\/v2\/pages\/724\/revisions\/26773"}],"wp:attachment":[{"href":"https:\/\/www.puertolumbreras.es\/ayuntamiento\/wp-json\/wp\/v2\/media?parent=724"}],"curies":[{"name":"wp","href":"https:\/\/api.w.org\/{rel}","templated":true}]}}