{"id":720,"date":"2017-06-06T07:17:16","date_gmt":"2017-06-06T07:17:16","guid":{"rendered":"http:\/\/www.puertolumbreras.es\/ayuntamiento\/?page_id=720"},"modified":"2022-03-18T11:06:35","modified_gmt":"2022-03-18T11:06:35","slug":"casa-del-cura","status":"publish","type":"page","link":"https:\/\/www.puertolumbreras.es\/ayuntamiento\/casa-del-cura\/","title":{"rendered":"Casa del Cura"},"content":{"rendered":"<figure id=\"attachment_721\" aria-describedby=\"caption-attachment-721\" style=\"width: 300px\" class=\"wp-caption alignright\"><img loading=\"lazy\" decoding=\"async\" class=\"size-medium wp-image-721\" src=\"http:\/\/www.puertolumbreras.es\/ayuntamiento\/wp-content\/uploads\/2017\/06\/casadelcura1-300x201.jpg\" alt=\"Casa del Cura\" width=\"300\" height=\"201\" \/><figcaption id=\"caption-attachment-721\" class=\"wp-caption-text\">Casa del Cura<\/figcaption><\/figure>\n<p>La casa del Cura es una vivienda solariega situada en la localidad de Puerto Lumbreras (Regi\u00f3n de Murcia, Espa\u00f1a). Tiene una estructura t\u00edpica de cortijo rural, con un edificio principal, un anexo, un aljibe y una parcela de m\u00e1s de 7200 metros cuadrados de jardines y terrenos de huerta. Recientemente el conjunto ha sido rehabilitado y est\u00e1 prevista su reconversi\u00f3n en espacio p\u00fablico y tur\u00edstico a trav\u00e9s de espacios museogr\u00e1ficos.<\/p>\n<h3>Historia<\/h3>\n<p>Construida en el siglo XVIII por don Juan Arcas, ha estado tradicionalmente vinculada a trabajos de car\u00e1cter agropecuario. Aunque actualmente se sit\u00faa en una zona de ensanche del casco urbano por su vertiente meridional, en origen cont\u00f3 con una amplia superficie de terreno para el laboreo agr\u00edcola, dispon\u00eda de un gran aljibe para el almacenamiento de agua y se localizaba junto a la v\u00eda pecuaria del camino viejo de \u00c1guilas.<\/p>\n<p>Adem\u00e1s, a finales del siglo XIX la Casa del Cura y su propietario (don Alberto Marzal Arcas) figuraba, con otras haciendas de la zona como Mansilla o Moncada, entre las que se beneficiaban y administraban las aguas alumbradas en la Rambla de Nogalte mediante el sistema de galer\u00edas filtrantes de Ca\u00f1o y Contraca\u00f1o, que tras ser almacenadas en la Balsa de la Sociedad de Aguas eran utilizadas para el riego de las tierras del campo de Nogalte. La familia propietaria del cortijo, junto a otras como Maz\u00f3n, Flores o Arcas, se convirti\u00f3 en administradora de estas aguas, en tandas de 14 d\u00edas y 336 horas.<\/p>\n<h3>El Cortijo<\/h3>\n<figure id=\"attachment_722\" aria-describedby=\"caption-attachment-722\" style=\"width: 300px\" class=\"wp-caption alignright\"><img loading=\"lazy\" decoding=\"async\" class=\"size-medium wp-image-722\" src=\"http:\/\/www.puertolumbreras.es\/ayuntamiento\/wp-content\/uploads\/2017\/06\/casadelcura2-300x201.jpg\" alt=\"Aljibe en Casa del Cura\" width=\"300\" height=\"201\" \/><figcaption id=\"caption-attachment-722\" class=\"wp-caption-text\">Aljibe en Casa del Cura<\/figcaption><\/figure>\n<p>Conserva un edificio principal de dos plantas, encalado en blanco al exterior con cornisas, esquinas, ventanas y puertas enmarcadas en una franja granate, y en el que resid\u00edan los propietarios de la finca. Las ventanas conservan el enrejado de hierro original.<\/p>\n<p>Junto a \u00e9l se sit\u00faa un anexo, conocido como la casa del Labrador, en el que se guardaban los aperos de labranza y viv\u00edan las personas encargadas del mantenimiento de la finca y un gran aljibe de planta rectangular cubierto con b\u00f3veda de medio ca\u00f1\u00f3n fabricada en ladrillo y con brocal en la testa.<\/p>\n","protected":false},"excerpt":{"rendered":"<p>La casa del Cura es una vivienda solariega situada en la localidad de Puerto Lumbreras (Regi\u00f3n de Murcia, Espa\u00f1a). Tiene una estructura t\u00edpica de cortijo rural, con un edificio principal, un anexo, un aljibe y una parcela de m\u00e1s de 7200 metros cuadrados de jardines y terrenos de huerta. Recientemente el conjunto ha sido rehabilitado [&hellip;]<\/p>\n","protected":false},"author":1,"featured_media":0,"parent":0,"menu_order":0,"comment_status":"closed","ping_status":"closed","template":"","meta":{"footnotes":""},"class_list":["post-720","page","type-page","status-publish","hentry"],"_links":{"self":[{"href":"https:\/\/www.puertolumbreras.es\/ayuntamiento\/wp-json\/wp\/v2\/pages\/720","targetHints":{"allow":["GET"]}}],"collection":[{"href":"https:\/\/www.puertolumbreras.es\/ayuntamiento\/wp-json\/wp\/v2\/pages"}],"about":[{"href":"https:\/\/www.puertolumbreras.es\/ayuntamiento\/wp-json\/wp\/v2\/types\/page"}],"author":[{"embeddable":true,"href":"https:\/\/www.puertolumbreras.es\/ayuntamiento\/wp-json\/wp\/v2\/users\/1"}],"replies":[{"embeddable":true,"href":"https:\/\/www.puertolumbreras.es\/ayuntamiento\/wp-json\/wp\/v2\/comments?post=720"}],"version-history":[{"count":1,"href":"https:\/\/www.puertolumbreras.es\/ayuntamiento\/wp-json\/wp\/v2\/pages\/720\/revisions"}],"predecessor-version":[{"id":26772,"href":"https:\/\/www.puertolumbreras.es\/ayuntamiento\/wp-json\/wp\/v2\/pages\/720\/revisions\/26772"}],"wp:attachment":[{"href":"https:\/\/www.puertolumbreras.es\/ayuntamiento\/wp-json\/wp\/v2\/media?parent=720"}],"curies":[{"name":"wp","href":"https:\/\/api.w.org\/{rel}","templated":true}]}}