{"id":701,"date":"2017-06-06T07:03:53","date_gmt":"2017-06-06T07:03:53","guid":{"rendered":"http:\/\/www.puertolumbreras.es\/ayuntamiento\/?page_id=701"},"modified":"2022-03-18T11:06:35","modified_gmt":"2022-03-18T11:06:35","slug":"casa-de-los-duendes","status":"publish","type":"page","link":"https:\/\/www.puertolumbreras.es\/ayuntamiento\/casa-de-los-duendes\/","title":{"rendered":"Casa de los Duendes"},"content":{"rendered":"<figure id=\"attachment_705\" aria-describedby=\"caption-attachment-705\" style=\"width: 300px\" class=\"wp-caption alignright\"><img loading=\"lazy\" decoding=\"async\" class=\"size-medium wp-image-705\" src=\"http:\/\/www.puertolumbreras.es\/ayuntamiento\/wp-content\/uploads\/2017\/06\/casaduendes1-300x201.jpg\" alt=\"Casa de los Duendes\" width=\"300\" height=\"201\" \/><figcaption id=\"caption-attachment-705\" class=\"wp-caption-text\">Casa de los Duendes<\/figcaption><\/figure>\n<p>Casa construida en el siglo XIX situada en el casco hist\u00f3rico de la poblaci\u00f3n de Puerto Lumbreras (Regi\u00f3n de Murcia, Espa\u00f1a), en la calle Francisco Tirado esquina con la calle Doctor Caballero, junto a la Casa Museo de las Cofradias y que forma parte del Conjunto Patrimonial Medina Nogalte. Representa la vivienda t\u00edpica de una familia burguesa lumbrerense, siendo uno de los \u00faltimos exponentes de esta \u00e9poca conservados en la localidad. Perteneci\u00f3 a la familia conocida como \u201cLos Mayorajos\u201d.<\/p>\n<p>Tras ser adquirida por el Ayuntamiento, fue objeto de un proyecto integral de recuperaci\u00f3n y rehabilitaci\u00f3n para destinarlo a uso p\u00fablico, como sala de exposiciones temporales, lugar en el que se realizan talleres, sala de proyecciones y conferencias, y sede de la colecci\u00f3n museogr\u00e1fica de Grafolog\u00eda Augusto Vels.<\/p>\n<h3>El Edificio<\/h3>\n<figure id=\"attachment_708\" aria-describedby=\"caption-attachment-708\" style=\"width: 201px\" class=\"wp-caption alignleft\"><img loading=\"lazy\" decoding=\"async\" class=\"size-medium wp-image-708\" src=\"http:\/\/www.puertolumbreras.es\/ayuntamiento\/wp-content\/uploads\/2017\/06\/casaduendes2-1-201x300.jpg\" alt=\"Escalera Casa de los Duendes\" width=\"201\" height=\"300\" \/><figcaption id=\"caption-attachment-708\" class=\"wp-caption-text\">Escalera Casa de los Duendes<\/figcaption><\/figure>\n<p>La construcci\u00f3n de la Casa de los Duentes, tambi\u00e9n conocida como Casa Verde, tuvo lugar en un contexto de cierto desarrollo econ\u00f3mico en Puerto Lumbreras, cuando diferentes familias acaudaladas invirtieron en la mejora del sistema de Ca\u00f1o y Contraca\u00f1o con el fin de aumentar el caudal de aguas alumbradas y, de este modo, regar una mayor extensi\u00f3n de tierras y accionar la maquinaria de varios molinos hidr\u00e1ulicos.<\/p>\n<p>Se trata de un edificio de dos plantas pintado de verde al exterior. En la fachada destacan los enrejados en hierro forjado de ventanales y balcones y el gran port\u00f3n de madera que da acceso a la vivienda. En su interior los elementos m\u00e1s representativos son la magn\u00edfica escalera imperial de tres tramos que comunica el vest\u00edbulo con la primera planta, la carpinter\u00eda tallada original (tanto en mobiliario como en escuadras y vigas), las partes de baldosa hidr\u00e1ulica coloreadas con motivos geom\u00e9tricos y florales que han sido recuperados, y el patio situado junto a lo que fue la entrada de animales y en el que se ha habilitado una fuente recuper\u00e1ndose la imagen de anta\u00f1o. Con una distribuci\u00f3n muy proporcionada tanto en altura como en anchura, este espacio facilita iluminaci\u00f3n y ventilaci\u00f3n, llegando a crear incluso un microclima con ambiente muy agradable.<\/p>\n<figure id=\"attachment_704\" aria-describedby=\"caption-attachment-704\" style=\"width: 300px\" class=\"wp-caption alignright\"><img loading=\"lazy\" decoding=\"async\" class=\"size-medium wp-image-704\" src=\"http:\/\/www.puertolumbreras.es\/ayuntamiento\/wp-content\/uploads\/2017\/06\/casaduendes3-300x201.jpg\" alt=\"Museo Augusto Vels\" width=\"300\" height=\"201\" \/><figcaption id=\"caption-attachment-704\" class=\"wp-caption-text\">Museo Augusto Vels<\/figcaption><\/figure>\n<p>Alberga en la planta baja un espacio dedicado al museo del ilustre graf\u00f3logo lumbrerense Augusto Vels, \u00fanico de este tipo en la Regi\u00f3n de Murcia. El edificio cuenta adem\u00e1s con un gran espacio en el que peri\u00f3dicamente se celebran exposiciones temporales, una sala de conferencias y otra de audiovisuales, el aula de historia local (Archivo hist\u00f3rico del municipio) y una peque\u00f1a biblioteca.<\/p>\n","protected":false},"excerpt":{"rendered":"<p>Casa construida en el siglo XIX situada en el casco hist\u00f3rico de la poblaci\u00f3n de Puerto Lumbreras (Regi\u00f3n de Murcia, Espa\u00f1a), en la calle Francisco Tirado esquina con la calle Doctor Caballero, junto a la Casa Museo de las Cofradias y que forma parte del Conjunto Patrimonial Medina Nogalte. Representa la vivienda t\u00edpica de una [&hellip;]<\/p>\n","protected":false},"author":1,"featured_media":0,"parent":0,"menu_order":0,"comment_status":"closed","ping_status":"closed","template":"","meta":{"footnotes":""},"class_list":["post-701","page","type-page","status-publish","hentry"],"_links":{"self":[{"href":"https:\/\/www.puertolumbreras.es\/ayuntamiento\/wp-json\/wp\/v2\/pages\/701","targetHints":{"allow":["GET"]}}],"collection":[{"href":"https:\/\/www.puertolumbreras.es\/ayuntamiento\/wp-json\/wp\/v2\/pages"}],"about":[{"href":"https:\/\/www.puertolumbreras.es\/ayuntamiento\/wp-json\/wp\/v2\/types\/page"}],"author":[{"embeddable":true,"href":"https:\/\/www.puertolumbreras.es\/ayuntamiento\/wp-json\/wp\/v2\/users\/1"}],"replies":[{"embeddable":true,"href":"https:\/\/www.puertolumbreras.es\/ayuntamiento\/wp-json\/wp\/v2\/comments?post=701"}],"version-history":[{"count":1,"href":"https:\/\/www.puertolumbreras.es\/ayuntamiento\/wp-json\/wp\/v2\/pages\/701\/revisions"}],"predecessor-version":[{"id":26771,"href":"https:\/\/www.puertolumbreras.es\/ayuntamiento\/wp-json\/wp\/v2\/pages\/701\/revisions\/26771"}],"wp:attachment":[{"href":"https:\/\/www.puertolumbreras.es\/ayuntamiento\/wp-json\/wp\/v2\/media?parent=701"}],"curies":[{"name":"wp","href":"https:\/\/api.w.org\/{rel}","templated":true}]}}