{"id":576,"date":"2017-06-05T10:31:10","date_gmt":"2017-06-05T10:31:10","guid":{"rendered":"http:\/\/www.puertolumbreras.es\/ayuntamiento\/?page_id=576"},"modified":"2017-06-05T10:31:10","modified_gmt":"2017-06-05T10:31:10","slug":"historia","status":"publish","type":"page","link":"https:\/\/www.puertolumbreras.es\/ayuntamiento\/historia\/","title":{"rendered":"Historia"},"content":{"rendered":"<h3 id=\"firstHeading\" class=\"firstHeading\" lang=\"es\">Historia de Puerto Lumbreras<\/h3>\n<div id=\"bodyContent\" class=\"mw-body-content\">\n<div id=\"contentSub\">La historia de <b>Puerto Lumbreras<\/b> (Murcia) Espa\u00f1a, est\u00e1 estrechamente vinculada a la Rambla de Nogalte que ha proporcionado los recursos h\u00eddricos necesarios tanto para consumo humano como para el riego de tierras. Era adem\u00e1s una v\u00eda natural de paso que comunicaba el valle del Guadalent\u00edn con Granada a trav\u00e9s de Baza y Guadix. Aunque los or\u00edgenes de su casco urbano se remontan a la Edad Media el poblamiento en esta zona es anterior pues se conocen numerosos yacimientos arqueol\u00f3gicos que documentan la ocupaci\u00f3n del territorio desde \u00e9poca prehist\u00f3rica.<\/div>\n<\/div>\n<div><\/div>\n<div>\n<h3><span id=\"Origen_del_top.C3.B3nimo\" class=\"mw-headline\">Origen del top\u00f3nimo<\/span><\/h3>\n<div class=\"thumb tright\">\n<div class=\"thumbinner\">\n<div class=\"thumbcaption\">\n<div class=\"magnify\">El nombre actual de Puerto Lumbreras toma su denominaci\u00f3n de las galer\u00edas con \u201clumbreras\u201d para captar y alumbrar las aguas de circulaci\u00f3n subsuperficial de la rambla.\u00a0Pero antes hab\u00eda sido conocida con otra denominaci\u00f3n, Nogalte, Nogalt o Noglat. La primera referencia al castillo de Nogalte se encuentra en un documento de 1266 por el que Alfonso X confirma la delimitaci\u00f3n de las tierras que ocupa el obispado de Cartagena desde 1257.<\/div>\n<\/div>\n<\/div>\n<\/div>\n<p>Sobre su denominaci\u00f3n en \u00e9poca isl\u00e1mica, el historiador Mart\u00ednez L\u00f3pez apunta que un top\u00f3nimo citado en la obra geogr\u00e1fica de Al-Idrisi (Aber-Artebat o ar-Rataba), que seg\u00fan este ge\u00f3grafo se situar\u00eda a menos de una jornada de Lorca, y que se traduce con dos acepciones (Fuerte de frontera y Pozos de la Cuesta), pueda ser identificado con Puerto Lumbreras, ya que en esta poblaci\u00f3n se conservan hoy en d\u00eda los pozos de alumbramientos de agua y que casi con toda certeza una parte de esta infraestructura es de origen isl\u00e1mico.<\/p>\n<h3><span id=\"Prehistoria_y_Edad_Antigua\" class=\"mw-headline\">Prehistoria y Edad Antigua<\/span><\/h3>\n<div class=\"thumb tright\"><\/div>\n<div class=\"thumb tright\"><\/div>\n<p>Los testimonios m\u00e1s antiguos de poblaci\u00f3n se han constatado en la Cueva del Rayo, un h\u00e1bitat en cueva situado en la Sierra de Enmedio y cuya ocupaci\u00f3n se remontar\u00eda hasta el epipaleol\u00edtico.<\/p>\n<p>Del calcol\u00edtico destaca el Llano de Soler, un h\u00e1bitat en altura emplazado en la estribaci\u00f3n nororiental de la sierra de la Umbr\u00eda y cuyo origen podr\u00eda remontarse hasta el Neol\u00edtico Reciente seg\u00fan evidencias arqueol\u00f3gicas documentadas en superficie.<\/p>\n<p>De la Edad del Bronce se tienen documentados numerosos yacimientos en el municipio, la mayor\u00eda de ellos fechados en \u00e9poca arg\u00e1rica: Pe\u00f1as de B\u00e9jar, Cerro de la Cruz, Ca\u00f1ada del Alba o Barranco de las Pe\u00f1as Blancas, poblados situados en las cimas de estribaciones monta\u00f1osas que bordean el Valle del Guadalent\u00edn. La base econ\u00f3mica de sus habitantes fueron las actividades de car\u00e1cter agropecuario, la industria textil (esparto) y la miner\u00eda. A este respecto hay que destacar el yacimiento de Ca\u00f1ada de Alba, asentamiento interpretado como una avanzada minera de los habitantes del campo de Nogalte y Lorca.<\/p>\n<p>Durante la romanizaci\u00f3n, el campo de Nogalte debi\u00f3 ser un \u00e1rea marginal asociada a econom\u00edas modestas, alejada de la principal v\u00eda de comunicaci\u00f3n que era la V\u00eda Augusta y que debi\u00f3 estar ocupada por peque\u00f1os productores que trabajaban una parcela, bien de su propiedad, bien perteneciente a grandes terratenientes. Uno de los escasos yacimientos de \u00e9sta \u00e9poca en Puerto Lumbreras es Aljibe de Poveda, un peque\u00f1o establecimiento de car\u00e1cter agropecuario del que procede un tesorillo de monedas ocultado a mediados del siglo III d.C. y actualmente conservado en el Museo Arqueol\u00f3gico Municipal de Lorca.<\/p>\n<h3><span id=\".C3.89poca_musulmana_.28Siglos_VIII-XIII.29\" class=\"mw-headline\">\u00c9poca musulmana (Siglos VIII-XIII)<\/span><\/h3>\n<div class=\"thumb tright\">\n<div class=\"thumbinner\">\n<figure id=\"attachment_692\" aria-describedby=\"caption-attachment-692\" style=\"width: 300px\" class=\"wp-caption alignright\"><img loading=\"lazy\" decoding=\"async\" class=\"size-medium wp-image-692\" src=\"http:\/\/www.puertolumbreras.es\/ayuntamiento\/wp-content\/uploads\/2017\/06\/recintoinferior-300x201.jpg\" alt=\"Recinto Inferior Castillo de Nogalte\" width=\"300\" height=\"201\" \/><figcaption id=\"caption-attachment-692\" class=\"wp-caption-text\">Recinto Inferior Castillo de Nogalte<\/figcaption><\/figure>\n<div class=\"thumbcaption\">\n<div class=\"magnify\">Apenas se tiene informaci\u00f3n del per\u00edodo de transici\u00f3n comprendido entre la Antig\u00fcedad Tard\u00eda y la construcci\u00f3n de un recinto fortificado (el Castillo de Nogalte) en el punto m\u00e1s elevado del cerro que domina la actual poblaci\u00f3n, en un momento indeterminado de la segunda mitad del siglo XII o inicios del siglo XIII.\u00a0Aqu\u00ed se hab\u00eda desarrollado una alquer\u00eda que se benefici\u00f3 de la existencia de un caudal de agua subterr\u00e1nea bajo la rambla de Nogalte y que fue aprovechada mediante un complejo sistema de galer\u00edas filtrantes o qanat, construidas abriendo una tajea en los sedimentos del lecho de la rambla, con las paredes de piedra seca y el techo de lajas de piedra con objeto que se \ufb01ltre el agua por paredes y techo.<\/div>\n<\/div>\n<\/div>\n<\/div>\n<p>El yacimiento m\u00e1s importante de este per\u00edodo es el Castillo, emplazado en una posici\u00f3n estrat\u00e9gica puesto que domina varios afloramientos de agua y controla varias v\u00edas de comunicaci\u00f3n; hacia el este, el camino de Lorca, al norte, hacia Granada y al oeste, hacia Almer\u00eda a trav\u00e9s del valle del Almanzora.<\/p>\n<p>En esta \u00e9poca es cuando se construye el recinto superior, probablemente utilizado como granero fortificado. Fue construido en una \u00e9poca de \u00e9poca de inseguridad en la que las comunidades rurales generaron una serie de infraestructuras comunitarias que les permit\u00edan asegurar sus recursos.<\/p>\n<h3><span id=\".C3.89poca_cristiana_.28siglos_XIII-XV.29\" class=\"mw-headline\">\u00c9poca cristiana (siglos XIII-XV)<\/span><\/h3>\n<div class=\"thumb tright\">\n<div class=\"thumbinner\">\n<div class=\"magnify\">\u00a0El pacto de Alcaraz (1243), entre Castilla y diversos arra\u00e9ces de la zona, supuso el inicio del protectorado castellano de estos territorios, estipulando adem\u00e1s la entrega de una serie de fortificaciones, entre ellas la de Nogalte, haci\u00e9ndose de esta manera efectiva el control militar del territorio. La tenencia del Castillo fue entregada a don Johan Garc\u00eda Villamayor,\u00a0una persona de lealtad incuestionable para la corona castellana a la que se le hab\u00eda entregado en tenencia otros castillos como el de Alhama, y que se encarg\u00f3 de la defensa de la frontera de Castilla con el reino de Granada a trav\u00e9s del corredor del Guadalent\u00edn.<\/div>\n<\/div>\n<\/div>\n<p>Tras la rebeli\u00f3n mud\u00e9jar frente al poder castellano (1264-1266), la alquer\u00eda de Nogalte qued\u00f3 gravemente afectada por la despoblaci\u00f3n, fruto de la emigraci\u00f3n o expulsi\u00f3n de sus antiguos pobladores y de la incapacidad de repoblar un territorio fronterizo amenazado continuamente por numerosos conflictos militares.<\/p>\n<p>En este momento el castillo fue ampliado con la construcci\u00f3n del denominado recinto inferior. Se reform\u00f3 adem\u00e1s la antigua obra isl\u00e1mica, con la edificaci\u00f3n de una torre y el reforzamiento de los lienzos de la muralla. Para solucionar la comunicaci\u00f3n entre ambos recintos se construye se disponen una serie de muros paralelos que configuran un triple codo.\u00a0El corredor del Guadelent\u00edn cobr\u00f3, por tanto, mayor importancia al convertirse en vanguardia fronteriza con el reino granadino.<\/p>\n<p>En este periodo se produjeron numerosas incursiones nazar\u00edes que aprovecharon el Camino Real de Vera y que fue protegido con edificaciones de nueva planta como la Torre del Obispo.<\/p>\n<p>En 1296 se produce la invasi\u00f3n aragonesa del reino de Murcia que pronto fue conquistado salvo algunos focos de resistencia como Lorca, que no capitul\u00f3 hasta el 1300. Un a\u00f1o antes, Fernando IV hab\u00eda entregado a Lorca todos los lugares y castillos que adelante comprender\u00edan su amplio t\u00e9rmino, entre ellos el de Nogalte.\u00a0En 1304 se alojar\u00edan en Nogalte varios personajes aragoneses en su paso hacia Lorca tras haber realizado una incursi\u00f3n militar en territorio de Vera .<\/p>\n<p>En 1304 Arag\u00f3n y Castilla llegan a un acuerdo (sentencia arbitral de Torrellas) por el cual la l\u00ednea entre ambos reinos se fija aproximadamente por el rio Segura. De este modo, el Castillo de Nogalte, adem\u00e1s de otros castillos y lugares, pasaron de nuevo a manos castellanas. En un momento avanzado del siglo XIV, probablemente en el primer cuarto, el castillo fue abandonado definitivamente. En este sentido, cabe destacar un documento de 1338 en el que Alfonso XI ordena que se hagan reparaciones que necesitan los castillos del reino de Murcia no se cita el de Nogalte.<\/p>\n<p>A pesar de quedar abandonada la fortaleza, Nogalte no perdi\u00f3 si valor estrat\u00e9gico, pues sigui\u00f3 siendo un puesto avanzado de la frontera castellana hasta finales de la Edad Media. Cabe destacar aqu\u00ed el papel desempe\u00f1ado por los alfaqueques y los ejeas, dedicados a negociar el rescate de cautivos.<sup id=\"cite_ref-14\" class=\"reference\">14<\/sup> Algunas fuentes aluden a la existencia en este lugar de una vieja r\u00e1bita donde castellanos y nazar\u00edes contactaba espor\u00e1dicamente para negociar canjes y rescates de cautivos, adem\u00e1s de contactos de tipo social o econ\u00f3mico.<\/p>\n<h3><span id=\"La_batalla_de_Nogalte\" class=\"mw-headline\">La batalla de Nogalte<\/span><\/h3>\n<p>Uno de los episodios b\u00e9licos m\u00e1s conocidos es la batalla de Nogalte. En 1392, el alcaide de Lorca Alonso Ya\u00f1ez Fajardo se enfrent\u00f3 y derrot\u00f3 a las tropas del rey Muhammad VII de Granada que volv\u00eda de V\u00e9lez Rubio por el camino de la rambla de Nogalte cargado de bot\u00edn.<\/p>\n<h3><span id=\"Edad_Moderna\" class=\"mw-headline\">Edad Moderna<\/span><\/h3>\n<div class=\"thumb tright\">\n<div class=\"thumbinner\">\n<p><img loading=\"lazy\" decoding=\"async\" class=\"thumbimage alignright\" src=\"https:\/\/upload.wikimedia.org\/wikipedia\/commons\/thumb\/0\/0f\/Las_lumbreras_de_Nogalte_en_1770.jpg\/220px-Las_lumbreras_de_Nogalte_en_1770.jpg\" srcset=\"\/\/upload.wikimedia.org\/wikipedia\/commons\/thumb\/0\/0f\/Las_lumbreras_de_Nogalte_en_1770.jpg\/330px-Las_lumbreras_de_Nogalte_en_1770.jpg 1.5x, \/\/upload.wikimedia.org\/wikipedia\/commons\/thumb\/0\/0f\/Las_lumbreras_de_Nogalte_en_1770.jpg\/440px-Las_lumbreras_de_Nogalte_en_1770.jpg 2x\" alt=\"\" width=\"220\" height=\"151\" data-file-width=\"2945\" data-file-height=\"2019\" \/><\/p>\n<div class=\"thumbcaption\">\n<div class=\"magnify\">La ca\u00edda del reino de Granada en 1492 no alej\u00f3 definitivamente el peligro militar del territorio de Nogalte (sublevaci\u00f3n de los moriscos granadinos de 1499-1501 y levantamiento de las Alpujarras de 1568-1571).<\/div>\n<\/div>\n<\/div>\n<\/div>\n<p>A pesar de eso, el territorio de Lorca comenz\u00f3 a repoblarse, con el inicio de roturaciones en el campo lorquino. Sin embargo, no fue este el caso de Nogalte, cuyas tierras fueron utilizadas como dehesa para el ganado lorquino durante buena parte de los siglos XVI y XVII.\u00a0En 1610, la acaudalada familia lorquina de los Moncada se hizo con las tierras de Nogalte, incorpor\u00e1ndolas a su mayorazgo.<\/p>\n<p>Tras la Guerra de Sucesi\u00f3n, y con el impulso del programa de reformas lideradas por el obispo de Cartagena don Luis Belluga. Comenz\u00f3 la ocupaci\u00f3n del campo con un programa extensivo de roturaciones que recibi\u00f3 incentivos del gobierno ilustrado a lo que se le uni\u00f3 la iniciativa privada.\u00a0Pronto se produjo un aumento demogr\u00e1fico; el cerro donde se levantaba el antiguo catillo de Nogalte fue ocupado por peque\u00f1os agricultores que utilizaron sus laderas para construir numerosas cuevas que fueron utilizadas como vivienda. El casco urbano se consolida, y se construye la Iglesia de Nuestra Se\u00f1ora del Rosario tras la creaci\u00f3n del curato en 1724 por parte del obispo de Cartagena.<\/p>\n<p>Familias como los Moncada, Guevara y Puxmar\u00edn invirtieron en mejorar el sistema conocido como Ca\u00f1o y Contraca\u00f1o con la construcci\u00f3n, entre otras cosas, de una gran balsa para almacenar el agua que posteriormente era utilizada para el riego de tierras. Esto condujo a que la propiedad de las aguas, que antes hab\u00edan sido del Com\u00fan, pasaran a ser privadas a partir de su almacenamiento en la citada balsa.<\/p>\n<p>De este modo, los propietarios dispon\u00edan del derecho a usar estas aguas sobrantes en sus tierras o bien vender su turno o derecho de uso durante una porci\u00f3n de tiempo. En un plano conservado en la Fundaci\u00f3n Esp\u00edn de Lorca, fechado en 1770, se representa el sistema de Ca\u00f1o y Contraca\u00f1o, incluida la balsa desde la cual \u201cse conducen para los riegos de las tres Casas\u201d, que eran \u201cGebara, Pusmarin y Moncada\u201d.<\/p>\n<h3><span id=\"Siglo_XIX\" class=\"mw-headline\">Siglo XIX<\/span><\/h3>\n<div class=\"thumb tright\">\n<div class=\"thumbinner\">\n<figure style=\"width: 220px\" class=\"wp-caption alignright\"><img loading=\"lazy\" decoding=\"async\" class=\"thumbimage\" src=\"https:\/\/upload.wikimedia.org\/wikipedia\/commons\/thumb\/f\/f5\/Casadelosduendes09.jpg\/220px-Casadelosduendes09.jpg\" alt=\"Casa Verde\" width=\"220\" height=\"147\" data-file-width=\"1280\" data-file-height=\"857\" \/><figcaption class=\"wp-caption-text\">Casa Verde<\/figcaption><\/figure>\n<div class=\"thumbcaption\">\n<div class=\"magnify\">A principios del siglo XIX Puerto Lumbreras se vio seriamente afectada por una epidemia de fiebre amarilla que asol\u00f3 todo el sureste espa\u00f1ol durante los a\u00f1os 1811-1812. Este territorio, especialmente el de Lorca, se encontraba en una grave crisis agravada por los desastres que trajo la ruptura del pantano de Puentes en 1802 y la entrada de los franceses en la ciudad como consecuencia de la Guerra de la Independencia.<\/div>\n<\/div>\n<\/div>\n<\/div>\n<p>En 1812 se cre\u00f3 el Ayuntamiento de Puerto Lumbreras en el contexto del cambio producido en Espa\u00f1a tras la proclamaci\u00f3n de la constituci\u00f3n liberal en la que se establec\u00eda que las poblaciones con m\u00e1s de 1000 habitantes deb\u00edan crear ayuntamiento propio. Sin embargo, tras el regreso de Fernando VII a Espa\u00f1a dos a\u00f1os despu\u00e9s, todos estos ayuntamientos fueron suprimidos.<\/p>\n<p>Sin embargo, a pesar de estos reveses, a mediados del XIX la poblaci\u00f3n de Puerto Lumbreras estaba plenamente consolidada. En 1850 habitaban en esta poblaci\u00f3n unas 600 personas, muchas de ellas habitaban en las casas cueva de los cerros del castellar y del Morr\u00f3n. La construcci\u00f3n de estas viviendas, m\u00e1s de 150, se vio favorecida por el tipo de terrenos en los que est\u00e1n construidas, que facilitan su excavaci\u00f3n.<\/p>\n<p>A finales del siglo XIX continuaron las reformas el Ca\u00f1o y Contra\u00f1o; la construcci\u00f3n de una presa subterr\u00e1nea y del Ca\u00f1o Nuevo permiti\u00f3 obtener un mayor caudal de agua y, por tanto, accionar la maquinaria de cuatro molinos harineros construidos en la margen opuesta de la rambla.<\/p>\n<p>Las familias propietarias de las aguas, que en origen pertenec\u00edan a las familias de Moncada, Puxmarin y Guebara, aumentaron tras los procesos de desamortizaci\u00f3n y desvinculaci\u00f3n (1798 y 1855) y con la llegada de nuevos capitales que adquirieron recursos de aguas en Nogalte. As\u00ed, en 1890 ya eran cinco o seis las casas que se repart\u00edan las aguas de la Balsa convirti\u00e9ndose en los administradores del agua, \u201c<i>repartidores<\/i>\u201d, en una tanda de 14 d\u00edas y de 336 horas.<\/p>\n<h3><span id=\"Siglo_XX\" class=\"mw-headline\">Siglo XX<\/span><\/h3>\n<div class=\"thumb tright\"><\/div>\n<p>A comienzos del siglo XX se crea en Puerto Lumbreras la feria de Ganado como consecuencia de los tratos que agricultores y ganaderos ten\u00edan para que estos \u00faltimos adquirieses animales que les ayudasen en las tareas agr\u00edcolas.<\/p>\n<p>Durante la guerra civil espa\u00f1ola Puerto Lumbreras qued\u00f3 constituida durante un breve periodo de tiempo como ayuntamiento independiente. No fue hasta el 7 de julio de 1958 cuando se proclam\u00f3 definitivamente el Ayuntamiento de Puerto Lumbreras.<\/p>\n<p>Uno de los hechos m\u00e1s relevantes de su historia reciente fue la inundaci\u00f3n de 19 de octubre de 1973. Tras dos d\u00edas de precipitaciones intensas las principales cuencas de la zona se desbordaron. En Puerto Lumbreras, la rambla alcanz\u00f3 813 m3\/s de caudal l\u00edquido y 1.161 m3\/s de caudal s\u00f3lido. Fallecieron 89 personas y provoc\u00f3 numerosos destrozos en infraestructuras p\u00fablicas y privadas.<\/p>\n<h3><span id=\"Siglo_XXI\" class=\"mw-headline\">Siglo XXI<\/span><\/h3>\n<p>Actualmente el municipio de Puerto Lumbreras cuenta con m\u00e1s de 14.000 habitantes distribuidos en cuatro diputaciones: Puerto Lumbreras, El Esparragal, Puerto Adentro y Cabezo de la Jara.<\/p>\n<p>En los \u00faltimos a\u00f1os, Puerto Lumbreras ha desarrollado diferentes proyectos de recuperaci\u00f3n del patrimonio hist\u00f3rico y arqueol\u00f3gico, entre los que cabe destacar la excavaci\u00f3n y restauraci\u00f3n de su castillo, la tematizaci\u00f3n de algunas de las cuevas del Cerro del Castellar, la restauraci\u00f3n y adecuaci\u00f3n para usos p\u00fablicos de la Casa del Cura y la Casa de los Duendes o la creaci\u00f3n de rutas tem\u00e1ticas como el itinerario astron\u00f3mico y bot\u00e1nico.<\/p>\n<\/div>\n<div id=\"bodyContent\" class=\"mw-body-content\">\n<div>M\u00e1s informaci\u00f3n disponible en la web\u00a0<span style=\"color: #000000;\"><strong><a style=\"color: #000000;\" href=\"http:\/\/wikipuerto.es\/\">http:\/\/wikipuerto.es\/<\/a><\/strong><\/span><\/div>\n<\/div>\n","protected":false},"excerpt":{"rendered":"<p>Historia de Puerto Lumbreras La historia de Puerto Lumbreras (Murcia) Espa\u00f1a, est\u00e1 estrechamente vinculada a la Rambla de Nogalte que ha proporcionado los recursos h\u00eddricos necesarios tanto para consumo humano como para el riego de tierras. Era adem\u00e1s una v\u00eda natural de paso que comunicaba el valle del Guadalent\u00edn con Granada a trav\u00e9s de Baza [&hellip;]<\/p>\n","protected":false},"author":1,"featured_media":0,"parent":0,"menu_order":0,"comment_status":"closed","ping_status":"closed","template":"","meta":{"footnotes":""},"class_list":["post-576","page","type-page","status-publish","hentry"],"_links":{"self":[{"href":"https:\/\/www.puertolumbreras.es\/ayuntamiento\/wp-json\/wp\/v2\/pages\/576","targetHints":{"allow":["GET"]}}],"collection":[{"href":"https:\/\/www.puertolumbreras.es\/ayuntamiento\/wp-json\/wp\/v2\/pages"}],"about":[{"href":"https:\/\/www.puertolumbreras.es\/ayuntamiento\/wp-json\/wp\/v2\/types\/page"}],"author":[{"embeddable":true,"href":"https:\/\/www.puertolumbreras.es\/ayuntamiento\/wp-json\/wp\/v2\/users\/1"}],"replies":[{"embeddable":true,"href":"https:\/\/www.puertolumbreras.es\/ayuntamiento\/wp-json\/wp\/v2\/comments?post=576"}],"version-history":[{"count":0,"href":"https:\/\/www.puertolumbreras.es\/ayuntamiento\/wp-json\/wp\/v2\/pages\/576\/revisions"}],"wp:attachment":[{"href":"https:\/\/www.puertolumbreras.es\/ayuntamiento\/wp-json\/wp\/v2\/media?parent=576"}],"curies":[{"name":"wp","href":"https:\/\/api.w.org\/{rel}","templated":true}]}}