{"id":37206,"date":"2026-04-06T07:16:05","date_gmt":"2026-04-06T07:16:05","guid":{"rendered":"https:\/\/www.puertolumbreras.es\/ayuntamiento\/?page_id=37206"},"modified":"2026-04-06T07:24:49","modified_gmt":"2026-04-06T07:24:49","slug":"expediente-n-o-5393-2025-de-autorizacion-excepcional-por-razones-de-interes-publico-para-ampliacion-del-consultorio-medico-del-barrio-frances-de-puerto-lumbreras","status":"publish","type":"page","link":"https:\/\/www.puertolumbreras.es\/ayuntamiento\/expediente-n-o-5393-2025-de-autorizacion-excepcional-por-razones-de-interes-publico-para-ampliacion-del-consultorio-medico-del-barrio-frances-de-puerto-lumbreras\/","title":{"rendered":"Expediente n.\u00ba: 5393\/2025 de autorizaci\u00f3n excepcional por razones de inter\u00e9s p\u00fablico para \u201cAmpliaci\u00f3n del Consultorio M\u00e9dico del Barrio Franc\u00e9s de Puerto Lumbreras\u201d"},"content":{"rendered":"\r\n<ul class=\"wp-block-list\">\r\n<li><a href=\"https:\/\/www.puertolumbreras.es\/ayuntamiento\/wp-content\/uploads\/2026\/04\/Anuncio_autorizacion_excepcional_ampliacion_consultorio_medico_Barrio_Frances_de_Puerto_Lumbreras_20906_123470_26.pdf\"><span style=\"color: #000000;\">Anuncio autorizaci\u00f3n excepcional ampliaci\u00f3n consultorio m\u00e9dico Barrio Franc\u00e9s de Puerto Lumbreras<\/span><\/a><\/li>\r\n\r\n\r\n\r\n<li><a href=\"https:\/\/www.puertolumbreras.es\/ayuntamiento\/wp-content\/uploads\/2026\/04\/Memoria_ampliacion_consultorio_medico_Barrio_Frances-1-21._Memoria_08002_123470_8.pdf\"><span style=\"color: #000000;\">Memoria ampliaci\u00f3n consultorio m\u00e9dico Barrio Franc\u00e9s-1-21. Memoria<\/span><\/a><\/li>\r\n\r\n\r\n\r\n<li><span style=\"color: #000000;\"><a style=\"color: #000000;\" href=\"https:\/\/www.puertolumbreras.es\/ayuntamiento\/wp-content\/uploads\/2026\/04\/Memoria_ampliacion_consultorio_medico_Barrio_Frances-22-29._Planos_07979_123470_9.pdf\">Memoria ampliaci\u00f3n consultorio m\u00e9dico Barrio Franc\u00e9s-22-29. Planos<\/a><\/span><\/li>\r\n\r\n\r\n\r\n<li><span style=\"color: #000000;\"><a style=\"color: #000000;\" href=\"https:\/\/www.puertolumbreras.es\/ayuntamiento\/wp-content\/uploads\/2026\/04\/Memoria_ampliacion_consultorio_medico_Barrio_Frances-30-50._Anexos_I_89369_123470_10.pdf\">Memoria ampliaci\u00f3n consultorio m\u00e9dico Barrio Franc\u00e9s-30-50. Anexos I<\/a><\/span><\/li>\r\n<li><span style=\"color: #000000;\"><a style=\"color: #000000;\" href=\"https:\/\/www.puertolumbreras.es\/ayuntamiento\/wp-content\/uploads\/2026\/04\/Memoria_ampliacion_consultorio_medico_Barrio_Frances-51-62._Anexos_II_49721_123470_11.pdf\">Memoria ampliaci\u00f3n consultorio m\u00e9dico Barrio Franc\u00e9s-51-62. Anexos II<\/a><\/span><\/li>\r\n\r\n\r\n<\/ul>\r\n<p><span style=\"color: #000000;\">\r\n\r\n<\/span><\/p>\r\n<p>&nbsp;<\/p>\r\n","protected":false},"excerpt":{"rendered":"<p>&nbsp;<\/p>\n","protected":false},"author":1,"featured_media":0,"parent":0,"menu_order":0,"comment_status":"closed","ping_status":"closed","template":"","meta":{"footnotes":""},"class_list":["post-37206","page","type-page","status-publish","hentry"],"_links":{"self":[{"href":"https:\/\/www.puertolumbreras.es\/ayuntamiento\/wp-json\/wp\/v2\/pages\/37206","targetHints":{"allow":["GET"]}}],"collection":[{"href":"https:\/\/www.puertolumbreras.es\/ayuntamiento\/wp-json\/wp\/v2\/pages"}],"about":[{"href":"https:\/\/www.puertolumbreras.es\/ayuntamiento\/wp-json\/wp\/v2\/types\/page"}],"author":[{"embeddable":true,"href":"https:\/\/www.puertolumbreras.es\/ayuntamiento\/wp-json\/wp\/v2\/users\/1"}],"replies":[{"embeddable":true,"href":"https:\/\/www.puertolumbreras.es\/ayuntamiento\/wp-json\/wp\/v2\/comments?post=37206"}],"version-history":[{"count":4,"href":"https:\/\/www.puertolumbreras.es\/ayuntamiento\/wp-json\/wp\/v2\/pages\/37206\/revisions"}],"predecessor-version":[{"id":37218,"href":"https:\/\/www.puertolumbreras.es\/ayuntamiento\/wp-json\/wp\/v2\/pages\/37206\/revisions\/37218"}],"wp:attachment":[{"href":"https:\/\/www.puertolumbreras.es\/ayuntamiento\/wp-json\/wp\/v2\/media?parent=37206"}],"curies":[{"name":"wp","href":"https:\/\/api.w.org\/{rel}","templated":true}]}}