{"id":36763,"date":"2026-01-12T07:28:39","date_gmt":"2026-01-12T07:28:39","guid":{"rendered":"https:\/\/www.puertolumbreras.es\/ayuntamiento\/?page_id=36763"},"modified":"2026-01-12T10:22:46","modified_gmt":"2026-01-12T10:22:46","slug":"presupuesto-2026-prorrogado-de-2025","status":"publish","type":"page","link":"https:\/\/www.puertolumbreras.es\/ayuntamiento\/presupuesto-2026-prorrogado-de-2025\/","title":{"rendered":"Presupuesto 2026 prorrogado de 2025"},"content":{"rendered":"<p>[vc_row][vc_column][vc_column_text]\n<ul>\n<li><span style=\"color: #008080;\"><a style=\"color: #008080;\" href=\"https:\/\/www.puertolumbreras.es\/ayuntamiento\/wp-content\/uploads\/2026\/01\/1_PROVIDENCIA_DE_ALCALDIA_PRORROGA_PRESUPUESTO_2025_17249480605561562.pdf\">Providencia de Alcald\u00eda<\/a><\/span><\/li>\n<li><span style=\"color: #008080;\"><a style=\"color: #008080;\" href=\"https:\/\/www.puertolumbreras.es\/ayuntamiento\/wp-content\/uploads\/2026\/01\/2_MEMORIA_DE_LA_ALCALDIA_PRORROGA_2025_9515825709672852.pdf\">Memoria de Alcald\u00eda<\/a><\/span><\/li>\n<li><a href=\"https:\/\/www.puertolumbreras.es\/ayuntamiento\/wp-content\/uploads\/2026\/01\/2025_ESTADO_DE_EJECUCION_PRESUPUESTO_DE_GASTOS_3747420363844519.pdf\"><span style=\"color: #008080;\">Estado de ejecuci\u00f3n del presupuesto de gastos<\/span><\/a><\/li>\n<li><a href=\"https:\/\/www.puertolumbreras.es\/ayuntamiento\/wp-content\/uploads\/2026\/01\/2025_PRESUPUESTO_DE_INGRESOS_ESTADO_DE_EJECUCION_44496138915033756.pdf\"><span style=\"color: #008080;\">Estado de ejecuci\u00f3n del presupuesto de\u00a0 ingresos<\/span><\/a><\/li>\n<li><a href=\"https:\/\/www.puertolumbreras.es\/ayuntamiento\/wp-content\/uploads\/2026\/01\/ANEXO_INTERVENCION_PRORROGA_PRESUPUESTO_2025_5422784884407958.pdf\"><span style=\"color: #008080;\">Anexo Informe de Intervenci\u00f3n. Cap\u00edtulos del Presupuesto<\/span><\/a><\/li>\n<li><span style=\"color: #008080;\"><a style=\"color: #008080;\" href=\"https:\/\/www.puertolumbreras.es\/ayuntamiento\/wp-content\/uploads\/2026\/01\/presupuestos_2025_F.1.1.7.B_DETELLE_ECONOMICO_Y_GRUPO_DE_PROGRAMA_TRANSFERENCIAS_A_ENTES_DEPENDIENTE_6656332013587138.pdf\">Detalle econ\u00f3mico y por grupos de programas de las transferencias de la Entidad Local a sus entidades dependientes y vinculadas<\/a><\/span><\/li>\n<li><span style=\"color: #008080;\"><a style=\"color: #008080;\" href=\"https:\/\/www.puertolumbreras.es\/ayuntamiento\/wp-content\/uploads\/2026\/01\/presupuestos_2025_F.1.1.12_PERSONAL_ACCION_SOCIAL_2251673969577277.pdf\">Dotaci\u00f3n de Plantillas y retribuciones administraci\u00f3n general<\/a><\/span><\/li>\n<li><span style=\"color: #008080;\"><a style=\"color: #008080;\" href=\"https:\/\/www.puertolumbreras.es\/ayuntamiento\/wp-content\/uploads\/2026\/01\/presupuestos_2025_F.1.1.12_PERSONAL_EDUCACION_NO_UNIVERSITARIA_27389474488507937-1.pdf\">Dotaci\u00f3n de Plantillas y retribuciones administraci\u00f3n general personal no universitario<\/a><\/span><\/li>\n<li><span style=\"color: #008080;\"><a style=\"color: #008080;\" href=\"https:\/\/www.puertolumbreras.es\/ayuntamiento\/wp-content\/uploads\/2026\/01\/presupuestos_2025_F.1.1.12_PERSONAL_POLICIA_LOCAL_7370997743707396.pdf\">Dotaci\u00f3n de Plantillas y retribuciones Polic\u00eda Local<\/a><\/span><\/li>\n<li><span style=\"color: #008080;\"><a style=\"color: #008080;\" href=\"https:\/\/www.puertolumbreras.es\/ayuntamiento\/wp-content\/uploads\/2026\/01\/presupuestos_2025_F.1.1.14_PERFIL_DE_VENCIMIENTO_DE_LA_DEUDA_PUBLICA_A_10_A_OS_8464138604042513.pdf\">Perfil de vencimiento de la deuda en los pr\u00f3ximos 10 a\u00f1os<\/a><\/span><\/li>\n<li><span style=\"color: #008080;\"><a style=\"color: #008080;\" href=\"https:\/\/www.puertolumbreras.es\/ayuntamiento\/wp-content\/uploads\/2026\/01\/presupuestos_2025_F.1.1.1313-DEUDA_VIVA_2025_31695860423618083.pdf\">Deuda viva y previsi\u00f3n de Vencimientos de Deuda<\/a><\/span><\/li>\n<li><span style=\"color: #008080;\"><a style=\"color: #008080;\" href=\"https:\/\/www.puertolumbreras.es\/ayuntamiento\/wp-content\/uploads\/2026\/01\/presupuestos_2025_F.1.1.B1_AJUSTES_SEC_10031054350817026.pdf\">Ajustes en el Informe de Evaluaci\u00f3n para relacionar saldo resultante de Ingresos y Gastos<\/a><\/span><\/li>\n<li><span style=\"color: #008080;\"><a style=\"color: #008080;\" href=\"https:\/\/www.puertolumbreras.es\/ayuntamiento\/wp-content\/uploads\/2026\/01\/PRESUPUESTOS2025F11CLASIFICACIONDEGASTOSPORPROGRAMAS_csv_2696971115365271.pdf\">Clasificaci\u00f3n gastos programas<\/a><\/span><\/li>\n<li><span style=\"color: #008080;\"><a style=\"color: #008080;\" href=\"https:\/\/www.puertolumbreras.es\/ayuntamiento\/wp-content\/uploads\/2026\/01\/PRESUPUESTOS2025F111RESUMENCLASIFICACIONECONOMICA_csv_8956869200260494.pdf\">Clasificaci\u00f3n econ\u00f3mica<\/a><\/span><\/li>\n<li><a href=\"https:\/\/www.puertolumbreras.es\/ayuntamiento\/wp-content\/uploads\/2026\/01\/PRESUPUESTOS2025F112DESGLOSEINGRESOSCORRIENTES_csv_8510273991331699.pdf\"><span style=\"color: #008080;\">Desglose ingresos corrientes<\/span><\/a><\/li>\n<li><a href=\"https:\/\/www.puertolumbreras.es\/ayuntamiento\/wp-content\/uploads\/2026\/01\/PRESUPUESTOS2025F114DESGLOSEDEGASTOSCORRIENTES_csv_1325033643047585.pdf\"><span style=\"color: #008080;\">Desglose gastos corrientes<\/span><\/a><\/li>\n<li><a href=\"https:\/\/www.puertolumbreras.es\/ayuntamiento\/wp-content\/uploads\/2026\/01\/PRESUPUESTOS2025F115DESGLOSEDEGASTOSDECAPITALYFINANCIEROS_csv_036924067979302144.pdf\"><span style=\"color: #008080;\">Desglose de Gastos de Capital y Financieros<\/span><\/a><\/li>\n<li><a href=\"https:\/\/www.puertolumbreras.es\/ayuntamiento\/wp-content\/uploads\/2026\/01\/PRESUPUESTOS2025F117DETALLEDETRANSFERENCIAS_csv_32819650229287867.pdf\"><span style=\"color: #008080;\">Desglose de transferencias<\/span><\/a><\/li>\n<li><a href=\"https:\/\/www.puertolumbreras.es\/ayuntamiento\/wp-content\/uploads\/2026\/01\/PRESUPUESTOS2025F1112PERSONALEDUCACIONNOUNIVERSITARIA_csv_27389474488507937.pdf\"><span style=\"color: #008080;\">Personal formaci\u00f3n no universitaria<\/span><\/a><\/li>\n<li><a href=\"https:\/\/www.puertolumbreras.es\/ayuntamiento\/wp-content\/uploads\/2026\/01\/PRORROGA_DEL_CAPITULO_4_DE_GASTOS_438857618571172.pdf\"><span style=\"color: #008080;\">Pr\u00f3rroga cap\u00edtulo 4 gastos<\/span><\/a><\/li>\n<li><a href=\"https:\/\/www.puertolumbreras.es\/ayuntamiento\/wp-content\/uploads\/2026\/01\/RESOLUCION_csv_7390618286742866.pdf\"><span style=\"color: #008080;\">Resoluci\u00f3n de alcald\u00eda<\/span><\/a><\/li>\n<\/ul>\n<p>[\/vc_column_text][\/vc_column][\/vc_row]\n","protected":false},"excerpt":{"rendered":"<p>[vc_row][vc_column][vc_column_text] Providencia de Alcald\u00eda Memoria de Alcald\u00eda Estado de ejecuci\u00f3n del presupuesto de gastos Estado de ejecuci\u00f3n del presupuesto de\u00a0 ingresos Anexo Informe de Intervenci\u00f3n. Cap\u00edtulos del Presupuesto Detalle econ\u00f3mico y por grupos de programas de las transferencias de la Entidad Local a sus entidades dependientes y vinculadas Dotaci\u00f3n de Plantillas y retribuciones administraci\u00f3n general [&hellip;]<\/p>\n","protected":false},"author":1,"featured_media":0,"parent":0,"menu_order":0,"comment_status":"closed","ping_status":"closed","template":"","meta":{"footnotes":""},"class_list":["post-36763","page","type-page","status-publish","hentry"],"_links":{"self":[{"href":"https:\/\/www.puertolumbreras.es\/ayuntamiento\/wp-json\/wp\/v2\/pages\/36763","targetHints":{"allow":["GET"]}}],"collection":[{"href":"https:\/\/www.puertolumbreras.es\/ayuntamiento\/wp-json\/wp\/v2\/pages"}],"about":[{"href":"https:\/\/www.puertolumbreras.es\/ayuntamiento\/wp-json\/wp\/v2\/types\/page"}],"author":[{"embeddable":true,"href":"https:\/\/www.puertolumbreras.es\/ayuntamiento\/wp-json\/wp\/v2\/users\/1"}],"replies":[{"embeddable":true,"href":"https:\/\/www.puertolumbreras.es\/ayuntamiento\/wp-json\/wp\/v2\/comments?post=36763"}],"version-history":[{"count":24,"href":"https:\/\/www.puertolumbreras.es\/ayuntamiento\/wp-json\/wp\/v2\/pages\/36763\/revisions"}],"predecessor-version":[{"id":36812,"href":"https:\/\/www.puertolumbreras.es\/ayuntamiento\/wp-json\/wp\/v2\/pages\/36763\/revisions\/36812"}],"wp:attachment":[{"href":"https:\/\/www.puertolumbreras.es\/ayuntamiento\/wp-json\/wp\/v2\/media?parent=36763"}],"curies":[{"name":"wp","href":"https:\/\/api.w.org\/{rel}","templated":true}]}}