{"id":35908,"date":"2025-08-22T11:44:10","date_gmt":"2025-08-22T11:44:10","guid":{"rendered":"https:\/\/www.puertolumbreras.es\/ayuntamiento\/?page_id=35908"},"modified":"2025-08-25T09:25:32","modified_gmt":"2025-08-25T09:25:32","slug":"pago-entradas-baile-de-la-reina","status":"publish","type":"page","link":"https:\/\/www.puertolumbreras.es\/ayuntamiento\/pago-entradas-baile-de-la-reina\/","title":{"rendered":"Pago Entradas Baile de la Reina"},"content":{"rendered":"\n<figure class=\"wp-block-image size-large\"><img loading=\"lazy\" decoding=\"async\" width=\"1024\" height=\"560\" src=\"https:\/\/www.puertolumbreras.es\/ayuntamiento\/wp-content\/uploads\/2025\/08\/Banner-Baile-de-la-Reina-2025-1024x560.jpg\" alt=\"\" class=\"wp-image-35910\" srcset=\"https:\/\/www.puertolumbreras.es\/ayuntamiento\/wp-content\/uploads\/2025\/08\/Banner-Baile-de-la-Reina-2025-1024x560.jpg 1024w, https:\/\/www.puertolumbreras.es\/ayuntamiento\/wp-content\/uploads\/2025\/08\/Banner-Baile-de-la-Reina-2025-300x164.jpg 300w, https:\/\/www.puertolumbreras.es\/ayuntamiento\/wp-content\/uploads\/2025\/08\/Banner-Baile-de-la-Reina-2025-768x420.jpg 768w, https:\/\/www.puertolumbreras.es\/ayuntamiento\/wp-content\/uploads\/2025\/08\/Banner-Baile-de-la-Reina-2025.jpg 1456w\" sizes=\"auto, (max-width: 1024px) 100vw, 1024px\" \/><\/figure>\n\n\n\n<p class=\"has-text-align-left\"><br>Este a\u00f1o, como novedad, se habilitan cuatro medios de pago para facilitar al m\u00e1ximo la compra de las entradas: en efectivo, con tarjeta de cr\u00e9dito, bizum y a trav\u00e9s de la pasarela virtual de pagos de la p\u00e1gina web del Ayuntamiento de Puerto Lumbreras  desde donde el sistema solicitar\u00e1 introducir el DNI y correo electr\u00f3nico al que se remitir\u00e1 autom\u00e1ticamente el justificante de pago y las entradas podr\u00e1n retirarse hasta el mismo d\u00eda del espect\u00e1culo o transcurridas 48 horas desde la compra en la Casa de los Duendes y las Oficinas Municipales de La Estaci\u00f3n-El Esparragal).<\/p>\n\n\n\n<ul class=\"wp-block-list\">\n<li><a href=\"https:\/\/www4.caixabank.es\/apl\/pagos\/index_es.html?EMISORA=0857551\" data-type=\"page\" data-id=\"35908\">Entrada anticipada Baile de la Reina 2025 (precio:12,00\u20ac\/ud)<\/a><\/li>\n<\/ul>\n\n\n\n<p><\/p>\n","protected":false},"excerpt":{"rendered":"<p>Este a\u00f1o, como novedad, se habilitan cuatro medios de pago para facilitar al m\u00e1ximo la compra de las entradas: en efectivo, con tarjeta de cr\u00e9dito, bizum y a trav\u00e9s de la pasarela virtual de pagos de la p\u00e1gina web del Ayuntamiento de Puerto Lumbreras desde donde el sistema solicitar\u00e1 introducir el DNI y correo electr\u00f3nico [&hellip;]<\/p>\n","protected":false},"author":1,"featured_media":0,"parent":0,"menu_order":0,"comment_status":"closed","ping_status":"closed","template":"","meta":{"footnotes":""},"class_list":["post-35908","page","type-page","status-publish","hentry"],"_links":{"self":[{"href":"https:\/\/www.puertolumbreras.es\/ayuntamiento\/wp-json\/wp\/v2\/pages\/35908","targetHints":{"allow":["GET"]}}],"collection":[{"href":"https:\/\/www.puertolumbreras.es\/ayuntamiento\/wp-json\/wp\/v2\/pages"}],"about":[{"href":"https:\/\/www.puertolumbreras.es\/ayuntamiento\/wp-json\/wp\/v2\/types\/page"}],"author":[{"embeddable":true,"href":"https:\/\/www.puertolumbreras.es\/ayuntamiento\/wp-json\/wp\/v2\/users\/1"}],"replies":[{"embeddable":true,"href":"https:\/\/www.puertolumbreras.es\/ayuntamiento\/wp-json\/wp\/v2\/comments?post=35908"}],"version-history":[{"count":8,"href":"https:\/\/www.puertolumbreras.es\/ayuntamiento\/wp-json\/wp\/v2\/pages\/35908\/revisions"}],"predecessor-version":[{"id":35926,"href":"https:\/\/www.puertolumbreras.es\/ayuntamiento\/wp-json\/wp\/v2\/pages\/35908\/revisions\/35926"}],"wp:attachment":[{"href":"https:\/\/www.puertolumbreras.es\/ayuntamiento\/wp-json\/wp\/v2\/media?parent=35908"}],"curies":[{"name":"wp","href":"https:\/\/api.w.org\/{rel}","templated":true}]}}