{"id":34616,"date":"2025-02-07T09:17:30","date_gmt":"2025-02-07T09:17:30","guid":{"rendered":"https:\/\/www.puertolumbreras.es\/ayuntamiento\/?page_id=34616"},"modified":"2025-02-07T09:51:11","modified_gmt":"2025-02-07T09:51:11","slug":"presupuesto-2025-prorrogado","status":"publish","type":"page","link":"https:\/\/www.puertolumbreras.es\/ayuntamiento\/presupuesto-2025-prorrogado\/","title":{"rendered":"Presupuesto 2025 prorrogado de 2024"},"content":{"rendered":"<p>[vc_row][vc_column][vc_column_text]\n<ul>\n<li><span style=\"color: #008080;\"><a style=\"color: #008080;\" href=\"https:\/\/www.puertolumbreras.es\/ayuntamiento\/wp-content\/uploads\/2025\/02\/Ajustes-en-el-Informe-de-Evaluacion-para-relacionar-saldo-resultante-de-Ingresos-y-Gastos.pdf\">Ajustes en el Informe de Evaluaci\u00f3n para relacionar saldo resultante de Ingresos y Gastos<\/a><\/span><\/li>\n<li><span style=\"color: #008080;\"><a style=\"color: #008080;\" href=\"https:\/\/www.puertolumbreras.es\/ayuntamiento\/wp-content\/uploads\/2025\/02\/Anexo-Informe-de-Intervencion.-Capitulos-del-Presupuesto.pdf\">Anexo Informe de Intervenci\u00f3n. Cap\u00edtulos del Presupuesto<\/a><\/span><\/li>\n<li><span style=\"color: #008080;\"><a style=\"color: #008080;\" href=\"https:\/\/www.puertolumbreras.es\/ayuntamiento\/wp-content\/uploads\/2025\/02\/Desglose-de-Gastos-Corrientes.pdf\">Desglose de Gastos Corrientes<\/a><\/span><\/li>\n<li><span style=\"color: #008080;\"><a style=\"color: #008080;\" href=\"https:\/\/www.puertolumbreras.es\/ayuntamiento\/wp-content\/uploads\/2025\/02\/Desglose-de-Gastos-de-Capital-y-Financieros.pdf\">Desglose de Gastos de Capital y Financieros<\/a><\/span><\/li>\n<li><span style=\"color: #008080;\"><a style=\"color: #008080;\" href=\"https:\/\/www.puertolumbreras.es\/ayuntamiento\/wp-content\/uploads\/2025\/02\/Desglose-Ingresos-Corrientes.pdf\">Desglose Ingresos Corrientes<\/a><\/span><\/li>\n<li><span style=\"color: #008080;\"><a style=\"color: #008080;\" href=\"https:\/\/www.puertolumbreras.es\/ayuntamiento\/wp-content\/uploads\/2025\/02\/Detalle-economico-y-por-grupos-de-programas-de-las-transferencias-de-la-Entidad-Local-a-sus-entidades-dependientes-y-vinculadas.pdf\">Detalle econ\u00f3mico y por grupos de programas de las transferencias de la Entidad Local a sus entidades dependientes y vinculadas<\/a><\/span><\/li>\n<li><span style=\"color: #008080;\"><a style=\"color: #008080;\" href=\"https:\/\/www.puertolumbreras.es\/ayuntamiento\/wp-content\/uploads\/2025\/02\/Deuda-Viva-y-prevision-de-Vencimientos-de-Deuda.pdf\">Deuda Viva y previsi\u00f3n de Vencimientos de Deuda<\/a><\/span><\/li>\n<li><span style=\"color: #008080;\"><a style=\"color: #008080;\" href=\"https:\/\/www.puertolumbreras.es\/ayuntamiento\/wp-content\/uploads\/2025\/02\/Dotacion-de-Plantillas-y-retribuciones-accion-social-y-dependencia.pdf\">Dotaci\u00f3n de Plantillas y retribuciones acci\u00f3n social y dependencia<\/a><\/span><\/li>\n<li><span style=\"color: #008080;\"><a style=\"color: #008080;\" href=\"https:\/\/www.puertolumbreras.es\/ayuntamiento\/wp-content\/uploads\/2025\/02\/Dotacion-de-Plantillas-y-retribuciones-administracion-general.pdf\">Dotaci\u00f3n de Plantillas y retribuciones administraci\u00f3n general<\/a><\/span><\/li>\n<li><span style=\"color: #008080;\"><a style=\"color: #008080;\" href=\"https:\/\/www.puertolumbreras.es\/ayuntamiento\/wp-content\/uploads\/2025\/02\/Dotacion-de-Plantillas-y-retribuciones-Educacion.pdf\">Dotaci\u00f3n de Plantillas y retribuciones Educaci\u00f3n<\/a><\/span><\/li>\n<li><span style=\"color: #008080;\"><a style=\"color: #008080;\" href=\"https:\/\/www.puertolumbreras.es\/ayuntamiento\/wp-content\/uploads\/2025\/02\/Dotacion-de-Plantillas-y-retribuciones-Policia-Local.pdf\">Dotaci\u00f3n de Plantillas y retribuciones Polic\u00eda Local<\/a><\/span><\/li>\n<li><span style=\"color: #008080;\"><a style=\"color: #008080;\" href=\"https:\/\/www.puertolumbreras.es\/ayuntamiento\/wp-content\/uploads\/2025\/02\/Informe-De-Intervencion-Sobre-Prorroga-Del-Presupuesto-Del-Ayuntamiento-De-Puerto-Lumbreras-Para-El-Ejercicio-2023.pdf\">Informe De Intervenci\u00f3n Sobre Pr\u00f3rroga Del Presupuesto Del Ayuntamiento De Puerto Lumbreras Para El Ejercicio 2023<\/a><\/span><\/li>\n<li><span style=\"color: #008080;\"><a style=\"color: #008080;\" href=\"https:\/\/www.puertolumbreras.es\/ayuntamiento\/wp-content\/uploads\/2025\/02\/Memoria-de-Alcaldia.pdf\">Memoria de Alcald\u00eda<\/a><\/span><\/li>\n<li><span style=\"color: #008080;\"><a style=\"color: #008080;\" href=\"https:\/\/www.puertolumbreras.es\/ayuntamiento\/wp-content\/uploads\/2025\/02\/Providencia-de-Alcaldia.pdf\">Providencia de Alcald\u00eda<\/a><\/span><\/li>\n<li><span style=\"color: #008080;\"><a style=\"color: #008080;\" href=\"https:\/\/www.puertolumbreras.es\/ayuntamiento\/wp-content\/uploads\/2025\/02\/Relacion-contable-de-gastos.pdf\">Relaci\u00f3n contable de gastos<\/a><\/span><\/li>\n<li><span style=\"color: #008080;\"><a style=\"color: #008080;\" href=\"https:\/\/www.puertolumbreras.es\/ayuntamiento\/wp-content\/uploads\/2025\/02\/Resolucion-de-alcaldia.pdf\">Resoluci\u00f3n de alcald\u00eda<\/a><\/span><\/li>\n<li><span style=\"color: #008080;\"><a style=\"color: #008080;\" href=\"https:\/\/www.puertolumbreras.es\/ayuntamiento\/wp-content\/uploads\/2025\/02\/Resumen-de-Clasificacion-Economica.pdf\">Resumen de Clasificaci\u00f3n Econ\u00f3mica<\/a><\/span><\/li>\n<\/ul>\n<p>[\/vc_column_text][\/vc_column][\/vc_row]\n","protected":false},"excerpt":{"rendered":"<p>[vc_row][vc_column][vc_column_text] Ajustes en el Informe de Evaluaci\u00f3n para relacionar saldo resultante de Ingresos y Gastos Anexo Informe de Intervenci\u00f3n. Cap\u00edtulos del Presupuesto Desglose de Gastos Corrientes Desglose de Gastos de Capital y Financieros Desglose Ingresos Corrientes Detalle econ\u00f3mico y por grupos de programas de las transferencias de la Entidad Local a sus entidades dependientes y [&hellip;]<\/p>\n","protected":false},"author":1,"featured_media":0,"parent":0,"menu_order":0,"comment_status":"closed","ping_status":"closed","template":"","meta":{"footnotes":""},"class_list":["post-34616","page","type-page","status-publish","hentry"],"_links":{"self":[{"href":"https:\/\/www.puertolumbreras.es\/ayuntamiento\/wp-json\/wp\/v2\/pages\/34616","targetHints":{"allow":["GET"]}}],"collection":[{"href":"https:\/\/www.puertolumbreras.es\/ayuntamiento\/wp-json\/wp\/v2\/pages"}],"about":[{"href":"https:\/\/www.puertolumbreras.es\/ayuntamiento\/wp-json\/wp\/v2\/types\/page"}],"author":[{"embeddable":true,"href":"https:\/\/www.puertolumbreras.es\/ayuntamiento\/wp-json\/wp\/v2\/users\/1"}],"replies":[{"embeddable":true,"href":"https:\/\/www.puertolumbreras.es\/ayuntamiento\/wp-json\/wp\/v2\/comments?post=34616"}],"version-history":[{"count":7,"href":"https:\/\/www.puertolumbreras.es\/ayuntamiento\/wp-json\/wp\/v2\/pages\/34616\/revisions"}],"predecessor-version":[{"id":34641,"href":"https:\/\/www.puertolumbreras.es\/ayuntamiento\/wp-json\/wp\/v2\/pages\/34616\/revisions\/34641"}],"wp:attachment":[{"href":"https:\/\/www.puertolumbreras.es\/ayuntamiento\/wp-json\/wp\/v2\/media?parent=34616"}],"curies":[{"name":"wp","href":"https:\/\/api.w.org\/{rel}","templated":true}]}}