{"id":34019,"date":"2024-10-31T11:28:59","date_gmt":"2024-10-31T11:28:59","guid":{"rendered":"https:\/\/www.puertolumbreras.es\/ayuntamiento\/?page_id=34019"},"modified":"2024-10-31T11:39:11","modified_gmt":"2024-10-31T11:39:11","slug":"ayuda-a-las-personas-afectadas-por-la-dana","status":"publish","type":"page","link":"https:\/\/www.puertolumbreras.es\/ayuntamiento\/ayuda-a-las-personas-afectadas-por-la-dana\/","title":{"rendered":"Ayuda a las personas afectadas por la DANA"},"content":{"rendered":"\n<p><img loading=\"lazy\" decoding=\"async\" height=\"16\" width=\"16\" alt=\"\ud83d\udce3\" src=\"https:\/\/static.xx.fbcdn.net\/images\/emoji.php\/v9\/tba\/1\/16\/1f4e3.png\"> INFORMACI\u00d3N IMPORTANTE <img loading=\"lazy\" decoding=\"async\" height=\"16\" width=\"16\" alt=\"\u203c\ufe0f\" src=\"https:\/\/static.xx.fbcdn.net\/images\/emoji.php\/v9\/t77\/1\/16\/203c.png\"><\/p>\n\n\n\n<p>CUENTAS SOLIDARIAS HABILITADAS POR CRUZ ROJA PARA HACER DONACIONES ECON\u00d3MICAS PARA AYUDAR A LOS AFECTADOS POR LA DANA<\/p>\n\n\n\n<p><img loading=\"lazy\" decoding=\"async\" height=\"16\" width=\"16\" alt=\"\ud83d\udea8\" src=\"https:\/\/static.xx.fbcdn.net\/images\/emoji.php\/v9\/t45\/1\/16\/1f6a8.png\"> En un contexto complejo como es la emergencia que se ha producido en la Comunidad Valenciana, Castilla La Mancha y Andaluc\u00eda, las administraciones p\u00fablicas locales y regionales han establecido un PLAN DE ACTUACI\u00d3N para focalizar todos los esfuerzos, recursos humanos y materiales para dar la respuesta m\u00e1s eficaz a la poblaci\u00f3n <a><\/a>afectada.<\/p>\n\n\n\n<p><img loading=\"lazy\" decoding=\"async\" height=\"16\" width=\"16\" alt=\"\u27a1\ufe0f\" src=\"https:\/\/static.xx.fbcdn.net\/images\/emoji.php\/v9\/t9e\/1\/16\/27a1.png\"> Por ello, se prioriza las DONACIONES ECON\u00d3MICAS, para que CRUZ ROJA en los municipios afectados puedan conseguir y movilizar en el propio territorio los recursos, con una acci\u00f3n humanitaria organizada, \u00e1gil y que ayude al mismo tiempo a las comunidades y tejido empresarial local y auton\u00f3mico.<\/p>\n\n\n\n<p><img loading=\"lazy\" decoding=\"async\" height=\"16\" width=\"16\" alt=\"\ud83e\udd1d\ud83c\udffb\" src=\"https:\/\/static.xx.fbcdn.net\/images\/emoji.php\/v9\/tdf\/1\/16\/1f91d_1f3fb.png\"> El objetivo es minimizar el trabajo de la recepci\u00f3n, organizaci\u00f3n, log\u00edstica y coste del transporte que generan las donaciones en especie; y adecuando la adquisici\u00f3n de recursos y material de ropa, alimenticio, higi\u00e9nico, sanitario\u2026 a las demandas reales que nos solicita la poblaci\u00f3n afectada, y las administraciones locales y auton\u00f3micas con las que Cruz Roja trabaja y se coordina.<\/p>\n\n\n<div class=\"wp-block-image\">\n<figure class=\"aligncenter size-large\"><img loading=\"lazy\" decoding=\"async\" width=\"1024\" height=\"1024\" src=\"https:\/\/www.puertolumbreras.es\/ayuntamiento\/wp-content\/uploads\/2024\/10\/0690c184-3b38-40d5-9ad8-e887f99324e6-1-1024x1024.jpeg\" alt=\"\" class=\"wp-image-34022\" srcset=\"https:\/\/www.puertolumbreras.es\/ayuntamiento\/wp-content\/uploads\/2024\/10\/0690c184-3b38-40d5-9ad8-e887f99324e6-1-1024x1024.jpeg 1024w, https:\/\/www.puertolumbreras.es\/ayuntamiento\/wp-content\/uploads\/2024\/10\/0690c184-3b38-40d5-9ad8-e887f99324e6-1-300x300.jpeg 300w, https:\/\/www.puertolumbreras.es\/ayuntamiento\/wp-content\/uploads\/2024\/10\/0690c184-3b38-40d5-9ad8-e887f99324e6-1-150x150.jpeg 150w, https:\/\/www.puertolumbreras.es\/ayuntamiento\/wp-content\/uploads\/2024\/10\/0690c184-3b38-40d5-9ad8-e887f99324e6-1-768x768.jpeg 768w, https:\/\/www.puertolumbreras.es\/ayuntamiento\/wp-content\/uploads\/2024\/10\/0690c184-3b38-40d5-9ad8-e887f99324e6-1.jpeg 1080w\" sizes=\"auto, (max-width: 1024px) 100vw, 1024px\" \/><\/figure>\n<\/div>\n\n<div class=\"wp-block-image\">\n<figure class=\"aligncenter size-large\"><img loading=\"lazy\" decoding=\"async\" width=\"1024\" height=\"1024\" src=\"https:\/\/www.puertolumbreras.es\/ayuntamiento\/wp-content\/uploads\/2024\/10\/1eb56dd4-40ef-42fe-b916-4f5542a28710-1024x1024.jpeg\" alt=\"\" class=\"wp-image-34021\" srcset=\"https:\/\/www.puertolumbreras.es\/ayuntamiento\/wp-content\/uploads\/2024\/10\/1eb56dd4-40ef-42fe-b916-4f5542a28710-1024x1024.jpeg 1024w, https:\/\/www.puertolumbreras.es\/ayuntamiento\/wp-content\/uploads\/2024\/10\/1eb56dd4-40ef-42fe-b916-4f5542a28710-300x300.jpeg 300w, https:\/\/www.puertolumbreras.es\/ayuntamiento\/wp-content\/uploads\/2024\/10\/1eb56dd4-40ef-42fe-b916-4f5542a28710-150x150.jpeg 150w, https:\/\/www.puertolumbreras.es\/ayuntamiento\/wp-content\/uploads\/2024\/10\/1eb56dd4-40ef-42fe-b916-4f5542a28710-768x768.jpeg 768w, https:\/\/www.puertolumbreras.es\/ayuntamiento\/wp-content\/uploads\/2024\/10\/1eb56dd4-40ef-42fe-b916-4f5542a28710.jpeg 1080w\" sizes=\"auto, (max-width: 1024px) 100vw, 1024px\" \/><\/figure>\n<\/div>\n\n\n<p><\/p>\n\n\n\n<p><\/p>\n","protected":false},"excerpt":{"rendered":"<p>INFORMACI\u00d3N IMPORTANTE CUENTAS SOLIDARIAS HABILITADAS POR CRUZ ROJA PARA HACER DONACIONES ECON\u00d3MICAS PARA AYUDAR A LOS AFECTADOS POR LA DANA En un contexto complejo como es la emergencia que se ha producido en la Comunidad Valenciana, Castilla La Mancha y Andaluc\u00eda, las administraciones p\u00fablicas locales y regionales han establecido un PLAN DE ACTUACI\u00d3N para focalizar [&hellip;]<\/p>\n","protected":false},"author":1,"featured_media":0,"parent":0,"menu_order":0,"comment_status":"closed","ping_status":"closed","template":"","meta":{"footnotes":""},"class_list":["post-34019","page","type-page","status-publish","hentry"],"_links":{"self":[{"href":"https:\/\/www.puertolumbreras.es\/ayuntamiento\/wp-json\/wp\/v2\/pages\/34019","targetHints":{"allow":["GET"]}}],"collection":[{"href":"https:\/\/www.puertolumbreras.es\/ayuntamiento\/wp-json\/wp\/v2\/pages"}],"about":[{"href":"https:\/\/www.puertolumbreras.es\/ayuntamiento\/wp-json\/wp\/v2\/types\/page"}],"author":[{"embeddable":true,"href":"https:\/\/www.puertolumbreras.es\/ayuntamiento\/wp-json\/wp\/v2\/users\/1"}],"replies":[{"embeddable":true,"href":"https:\/\/www.puertolumbreras.es\/ayuntamiento\/wp-json\/wp\/v2\/comments?post=34019"}],"version-history":[{"count":2,"href":"https:\/\/www.puertolumbreras.es\/ayuntamiento\/wp-json\/wp\/v2\/pages\/34019\/revisions"}],"predecessor-version":[{"id":34026,"href":"https:\/\/www.puertolumbreras.es\/ayuntamiento\/wp-json\/wp\/v2\/pages\/34019\/revisions\/34026"}],"wp:attachment":[{"href":"https:\/\/www.puertolumbreras.es\/ayuntamiento\/wp-json\/wp\/v2\/media?parent=34019"}],"curies":[{"name":"wp","href":"https:\/\/api.w.org\/{rel}","templated":true}]}}