{"id":30101,"date":"2023-06-13T08:00:43","date_gmt":"2023-06-13T08:00:43","guid":{"rendered":"https:\/\/www.puertolumbreras.es\/ayuntamiento\/?page_id=30101"},"modified":"2023-06-13T08:02:25","modified_gmt":"2023-06-13T08:02:25","slug":"protocolo-avisa","status":"publish","type":"page","link":"https:\/\/www.puertolumbreras.es\/ayuntamiento\/protocolo-avisa\/","title":{"rendered":"Protocolo AVISA"},"content":{"rendered":"\n<figure class=\"wp-block-image size-full\"><img loading=\"lazy\" decoding=\"async\" width=\"487\" height=\"682\" src=\"https:\/\/www.puertolumbreras.es\/ayuntamiento\/wp-content\/uploads\/2023\/06\/Imagen-protocolo.png\" alt=\"\" class=\"wp-image-30103\" srcset=\"https:\/\/www.puertolumbreras.es\/ayuntamiento\/wp-content\/uploads\/2023\/06\/Imagen-protocolo.png 487w, https:\/\/www.puertolumbreras.es\/ayuntamiento\/wp-content\/uploads\/2023\/06\/Imagen-protocolo-214x300.png 214w\" sizes=\"auto, (max-width: 487px) 100vw, 487px\" \/><\/figure>\n\n\n\n<ul class=\"wp-block-list\">\n<li><a href=\"https:\/\/www.puertolumbreras.es\/ayuntamiento\/wp-content\/uploads\/2023\/06\/Dossier-protocolo-avisa.pdf\">Gu\u00eda protocolo AVISA<\/a><\/li>\n\n\n\n<li><a href=\"https:\/\/protocoloavisa.com\/\">M\u00e1s informaci\u00f3n<\/a> <\/li>\n<\/ul>\n","protected":false},"excerpt":{"rendered":"Gu\u00eda protocolo AVISA M\u00e1s informaci\u00f3n","protected":false},"author":1,"featured_media":0,"parent":0,"menu_order":0,"comment_status":"closed","ping_status":"closed","template":"","meta":{"footnotes":""},"class_list":["post-30101","page","type-page","status-publish","hentry"],"_links":{"self":[{"href":"https:\/\/www.puertolumbreras.es\/ayuntamiento\/wp-json\/wp\/v2\/pages\/30101","targetHints":{"allow":["GET"]}}],"collection":[{"href":"https:\/\/www.puertolumbreras.es\/ayuntamiento\/wp-json\/wp\/v2\/pages"}],"about":[{"href":"https:\/\/www.puertolumbreras.es\/ayuntamiento\/wp-json\/wp\/v2\/types\/page"}],"author":[{"embeddable":true,"href":"https:\/\/www.puertolumbreras.es\/ayuntamiento\/wp-json\/wp\/v2\/users\/1"}],"replies":[{"embeddable":true,"href":"https:\/\/www.puertolumbreras.es\/ayuntamiento\/wp-json\/wp\/v2\/comments?post=30101"}],"version-history":[{"count":3,"href":"https:\/\/www.puertolumbreras.es\/ayuntamiento\/wp-json\/wp\/v2\/pages\/30101\/revisions"}],"predecessor-version":[{"id":30107,"href":"https:\/\/www.puertolumbreras.es\/ayuntamiento\/wp-json\/wp\/v2\/pages\/30101\/revisions\/30107"}],"wp:attachment":[{"href":"https:\/\/www.puertolumbreras.es\/ayuntamiento\/wp-json\/wp\/v2\/media?parent=30101"}],"curies":[{"name":"wp","href":"https:\/\/api.w.org\/{rel}","templated":true}]}}