{"id":30084,"date":"2023-06-13T07:52:06","date_gmt":"2023-06-13T07:52:06","guid":{"rendered":"https:\/\/www.puertolumbreras.es\/ayuntamiento\/?page_id=30084"},"modified":"2023-06-13T07:54:55","modified_gmt":"2023-06-13T07:54:55","slug":"cavax","status":"publish","type":"page","link":"https:\/\/www.puertolumbreras.es\/ayuntamiento\/cavax\/","title":{"rendered":"CAVAX"},"content":{"rendered":"\n<figure class=\"wp-block-image size-full\"><img loading=\"lazy\" decoding=\"async\" width=\"1004\" height=\"651\" src=\"https:\/\/www.puertolumbreras.es\/ayuntamiento\/wp-content\/uploads\/2023\/06\/CAVAZ_TELEFONOS.jpg\" alt=\"\" class=\"wp-image-30086\" srcset=\"https:\/\/www.puertolumbreras.es\/ayuntamiento\/wp-content\/uploads\/2023\/06\/CAVAZ_TELEFONOS.jpg 1004w, https:\/\/www.puertolumbreras.es\/ayuntamiento\/wp-content\/uploads\/2023\/06\/CAVAZ_TELEFONOS-300x195.jpg 300w, https:\/\/www.puertolumbreras.es\/ayuntamiento\/wp-content\/uploads\/2023\/06\/CAVAZ_TELEFONOS-768x498.jpg 768w\" sizes=\"auto, (max-width: 1004px) 100vw, 1004px\" \/><\/figure>\n\n\n\n<ul class=\"wp-block-list\">\n<li><a href=\"https:\/\/www.puertolumbreras.es\/ayuntamiento\/wp-content\/uploads\/2023\/06\/Guia-de-actuacion-contra-la-violencia-sexual-hacia-las-mujeres.pdf\">Gu\u00eda de actuaci\u00f3n contra la violencia sexual hacia las mujeres<\/a><\/li>\n\n\n\n<li><a href=\"https:\/\/igualdadyviolenciadegenero.carm.es\/recursos-de-atencion-urgente-u\">M\u00e1s informaci\u00f3n del servicio<\/a><\/li>\n<\/ul>\n","protected":false},"excerpt":{"rendered":"Gu\u00eda de actuaci\u00f3n contra la violencia sexual hacia las mujeres M\u00e1s informaci\u00f3n del servicio","protected":false},"author":1,"featured_media":0,"parent":0,"menu_order":0,"comment_status":"closed","ping_status":"closed","template":"","meta":{"footnotes":""},"class_list":["post-30084","page","type-page","status-publish","hentry"],"_links":{"self":[{"href":"https:\/\/www.puertolumbreras.es\/ayuntamiento\/wp-json\/wp\/v2\/pages\/30084","targetHints":{"allow":["GET"]}}],"collection":[{"href":"https:\/\/www.puertolumbreras.es\/ayuntamiento\/wp-json\/wp\/v2\/pages"}],"about":[{"href":"https:\/\/www.puertolumbreras.es\/ayuntamiento\/wp-json\/wp\/v2\/types\/page"}],"author":[{"embeddable":true,"href":"https:\/\/www.puertolumbreras.es\/ayuntamiento\/wp-json\/wp\/v2\/users\/1"}],"replies":[{"embeddable":true,"href":"https:\/\/www.puertolumbreras.es\/ayuntamiento\/wp-json\/wp\/v2\/comments?post=30084"}],"version-history":[{"count":5,"href":"https:\/\/www.puertolumbreras.es\/ayuntamiento\/wp-json\/wp\/v2\/pages\/30084\/revisions"}],"predecessor-version":[{"id":30093,"href":"https:\/\/www.puertolumbreras.es\/ayuntamiento\/wp-json\/wp\/v2\/pages\/30084\/revisions\/30093"}],"wp:attachment":[{"href":"https:\/\/www.puertolumbreras.es\/ayuntamiento\/wp-json\/wp\/v2\/media?parent=30084"}],"curies":[{"name":"wp","href":"https:\/\/api.w.org\/{rel}","templated":true}]}}