{"id":30046,"date":"2023-06-13T07:26:19","date_gmt":"2023-06-13T07:26:19","guid":{"rendered":"https:\/\/www.puertolumbreras.es\/ayuntamiento\/?page_id=30046"},"modified":"2023-11-27T09:03:02","modified_gmt":"2023-11-27T09:03:02","slug":"centro-de-atencion-especializada-a-victimas-de-la-violencia-de-genero-cavi","status":"publish","type":"page","link":"https:\/\/www.puertolumbreras.es\/ayuntamiento\/centro-de-atencion-especializada-a-victimas-de-la-violencia-de-genero-cavi\/","title":{"rendered":"Centro de Atenci\u00f3n Especializada a V\u00edctimas de la Violencia de G\u00e9nero (CAVI)"},"content":{"rendered":"<p>[vc_row][vc_column][vc_column_text]\r\n<figure class=\"wp-block-image size-large\"><img loading=\"lazy\" decoding=\"async\" width=\"1024\" height=\"585\" class=\"wp-image-30048\" src=\"https:\/\/www.puertolumbreras.es\/ayuntamiento\/wp-content\/uploads\/2023\/06\/Tarjeta-contacto-1024x585.png\" alt=\"\" srcset=\"https:\/\/www.puertolumbreras.es\/ayuntamiento\/wp-content\/uploads\/2023\/06\/Tarjeta-contacto-1024x585.png 1024w, https:\/\/www.puertolumbreras.es\/ayuntamiento\/wp-content\/uploads\/2023\/06\/Tarjeta-contacto-300x171.png 300w, https:\/\/www.puertolumbreras.es\/ayuntamiento\/wp-content\/uploads\/2023\/06\/Tarjeta-contacto-768x439.png 768w, https:\/\/www.puertolumbreras.es\/ayuntamiento\/wp-content\/uploads\/2023\/06\/Tarjeta-contacto.png 1050w\" sizes=\"auto, (max-width: 1024px) 100vw, 1024px\" \/><\/figure>\r\n<p>\r\n\r\n<strong>Los CAVIS<\/strong>\u00a0son centros que dependen de la\u00a0<strong>Direcci\u00f3n General de Mujer e Igualdad de Oportunidades\u00a0<\/strong>y gestionados en colaboraci\u00f3n con los Ayuntamientos de la Regi\u00f3n, en los que<strong>\u00a0se ofrece un tratamiento individual y grupal a mujeres v\u00edctimas de violencia de g\u00e9nero<\/strong>, proporcionando el apoyo necesario para potenciar sus competencias sociales y psicol\u00f3gicas, y para afrontar con \u00e9xito las experiencias vividas. La atenci\u00f3n se realiza de forma integral, personal y gratuita, sin limitaci\u00f3n de tiempo y desde diferentes\u00a0<strong>enfoques profesionales:<\/strong>\u00a0jur\u00eddico, social, psicol\u00f3gico y laboral.<\/p>\r\n<p>\r\n\r\nS<strong>ERVICIOS que se prestan en el CAVI<\/strong>:<\/p>\r\n<p><br \/><\/p>\r\n<ul class=\"wp-block-list\">\r\n<li style=\"list-style-type: none;\">\r\n<ul>\r\n<li><strong>Apoyo psicol\u00f3gico<\/strong>, a nivel individual y\/o grupal.<\/li>\r\n<\/ul>\r\n<\/li>\r\n<\/ul>\r\n<p><br \/><\/p>\r\n<ul>\r\n<li style=\"list-style-type: none;\">\r\n<ul>\r\n<li><strong>Apoyo social<\/strong>\u00a0sobre los recursos m\u00e1s adecuados a la situaci\u00f3n.<\/li>\r\n<\/ul>\r\n<\/li>\r\n<\/ul>\r\n<p><br \/><\/p>\r\n<ul>\r\n<li style=\"list-style-type: none;\">\r\n<ul>\r\n<li><strong>Asesoramiento jur\u00eddico<\/strong>\u00a0acerca de todo lo relacionado con la situaci\u00f3n de maltrato.<\/li>\r\n<\/ul>\r\n<\/li>\r\n<\/ul>\r\n<p><br \/><\/p>\r\n<ul>\r\n<li style=\"list-style-type: none;\">\r\n<ul>\r\n<li><strong>Orientaci\u00f3n laboral<\/strong>\u00a0para mejorar la inserci\u00f3n laboral o sociolaboral de las mujeres v\u00edctimas de violencia de g\u00e9nero.<\/li>\r\n<\/ul>\r\n<\/li>\r\n<\/ul>\r\n<p><br \/><\/p>\r\n<ul>\r\n<li style=\"list-style-type: none;\">\r\n<ul>\r\n<li><strong>Servicio de Atenci\u00f3n Psicol\u00f3gica a Menores Expuestos a la Violencia de G\u00e9nero<\/strong>\u00a0para hijos e hijas de v\u00edctimas de violencia de g\u00e9nero (SAPMEX).<\/li>\r\n<\/ul>\r\n<\/li>\r\n<\/ul>\r\n<p><\/p>\r\n<p><br \/><\/p>\r\n<h2 class=\"wp-block-heading\"><em><u>C\u00f3mo contactar con el CAVI de Puerto Lumbreras:<\/u><\/em><\/h2>\r\n<p>\r\n\r\n<strong>Direcci\u00f3n:<\/strong>\u00a0C\/ Los limoneros, 41\u00a0(CENTRO DE LA MUJER) C.P:\u00a030890<br \/><strong>Tel\u00e9fonos CITA PREVIA:<\/strong>\u00a0968 40 21 60 \/ 652 90 22 50 \/ 901 101 332\u00a0<\/p>\r\n<p>\r\n\r\n<strong>Tel\u00e9fono EMERGENCIAS:<\/strong>\u00a0112<\/p>\r\n<p>\r\n\r\n<strong>Mail:<\/strong>\u00a0puertolumbreras@cavis.es<\/p>\r\n<p>\r\n\r\n<strong>HORARIO:<\/strong> Ma\u00f1anas de lunes a viernes de 9\u201900 a 14\u201930 h.<\/p>\r\n<p>&nbsp;<\/p>\r\n<p><br \/><\/p>\r\n<h2 class=\"wp-block-heading\"><em>\u201cNo se requiere denuncia para acudir al centro\u201d<\/em><\/h2>\r\n<p>\r\n\r\n<strong>M\u00e1s informaci\u00f3n en<\/strong>:\u00a0<a href=\"http:\/\/www.cavis.es\/\"><u>www.cavis.es<\/u><\/a><\/p>\r\n<p>\r\n\r\n<strong>GU\u00cdAS INFORMATIVAS Y PROTOCOLOS<\/strong><\/p>\r\n<p><br \/><\/p>\r\n<ul class=\"wp-block-list\">\r\n<li style=\"list-style-type: none;\">\r\n<ul>\r\n<li><a href=\"https:\/\/www.puertolumbreras.es\/ayuntamiento\/wp-content\/uploads\/2023\/06\/15300-Texto-Completo-1-Sin-ti-no-soy-nada_-Guia-util-para-mujeres-1.pdf\">Gu\u00eda si t\u00ed no soy nada.<\/a><\/li>\r\n<\/ul>\r\n<\/li>\r\n<\/ul>\r\n<p><br \/><\/p>\r\n<ul>\r\n<li style=\"list-style-type: none;\">\r\n<ul>\r\n<li><a href=\"https:\/\/www.puertolumbreras.es\/ayuntamiento\/wp-content\/uploads\/2023\/06\/Guia-de-derechos-victimas-2023.pdf\">Gu\u00eda de derechos victimas 2023<\/a><\/li>\r\n<\/ul>\r\n<\/li>\r\n<\/ul>\r\n<p><br \/><\/p>\r\n<ul>\r\n<li style=\"list-style-type: none;\">\r\n<ul>\r\n<li><a href=\"https:\/\/www.puertolumbreras.es\/ayuntamiento\/wp-content\/uploads\/2023\/06\/ATENPRO_castellano.pdf\">Servicio ATENPRO<\/a><\/li>\r\n<\/ul>\r\n<\/li>\r\n<\/ul>\r\n<p><br \/><\/p>\r\n<ul>\r\n<li style=\"list-style-type: none;\">\r\n<ul>\r\n<li><a href=\"https:\/\/www.puertolumbreras.es\/ayuntamiento\/wp-content\/uploads\/2023\/06\/82961-Protocolo_CAVI_1ed_200612.pdf\">Protocolo RED CAVI<\/a><\/li>\r\n<\/ul>\r\n<\/li>\r\n<\/ul>\r\n<p><br \/><\/p>\r\n<ul>\r\n<li style=\"list-style-type: none;\">\r\n<ul>\r\n<li><a href=\"https:\/\/www.puertolumbreras.es\/ayuntamiento\/wp-content\/uploads\/2023\/06\/69549-Protocolo-Casa-Acogida-y-Pisos-tutelados.pdf\">Protocolo recursos de alojamiento<\/a><\/li>\r\n<\/ul>\r\n<\/li>\r\n<\/ul>\r\n<p><br \/><\/p>\r\n<ul>\r\n<li style=\"list-style-type: none;\">\r\n<ul>\r\n<li><a href=\"https:\/\/www.puertolumbreras.es\/ayuntamiento\/wp-content\/uploads\/2023\/06\/Empresas-por-una-sociedad-de-VG.pdf\">Empresas por una sociedad libre de violencia de g\u00e9nero<\/a><\/li>\r\n<\/ul>\r\n<\/li>\r\n<\/ul>\r\n<p><\/p>\r\n<p>[\/vc_column_text][\/vc_column][\/vc_row][vc_row][vc_column][vc_wp_text]\r\n<table class=\"default\">\r\n<tbody>\r\n<tr>\r\n<td><img loading=\"lazy\" decoding=\"async\" class=\"alignnone wp-image-30069\" src=\"https:\/\/www.puertolumbreras.es\/ayuntamiento\/wp-content\/uploads\/2023\/06\/LOGO-NUEVO-TEXTO-TRANSPARENTE-1-300x215.gif\" alt=\"\" width=\"184\" height=\"132\" \/><\/td>\r\n<td><img loading=\"lazy\" decoding=\"async\" class=\"alignnone size-medium wp-image-30070\" src=\"https:\/\/www.puertolumbreras.es\/ayuntamiento\/wp-content\/uploads\/2023\/06\/logo-consejeria-2023-300x186.png\" alt=\"\" width=\"300\" height=\"186\" srcset=\"https:\/\/www.puertolumbreras.es\/ayuntamiento\/wp-content\/uploads\/2023\/06\/logo-consejeria-2023-300x186.png 300w, https:\/\/www.puertolumbreras.es\/ayuntamiento\/wp-content\/uploads\/2023\/06\/logo-consejeria-2023.png 689w\" sizes=\"auto, (max-width: 300px) 100vw, 300px\" \/><\/td>\r\n<td><img loading=\"lazy\" decoding=\"async\" class=\"alignnone size-medium wp-image-30071\" src=\"https:\/\/www.puertolumbreras.es\/ayuntamiento\/wp-content\/uploads\/2023\/06\/DuxC0PKW4AAchmq-300x212.png\" alt=\"\" width=\"300\" height=\"212\" srcset=\"https:\/\/www.puertolumbreras.es\/ayuntamiento\/wp-content\/uploads\/2023\/06\/DuxC0PKW4AAchmq-300x212.png 300w, https:\/\/www.puertolumbreras.es\/ayuntamiento\/wp-content\/uploads\/2023\/06\/DuxC0PKW4AAchmq-1024x724.png 1024w, https:\/\/www.puertolumbreras.es\/ayuntamiento\/wp-content\/uploads\/2023\/06\/DuxC0PKW4AAchmq-768x543.png 768w, https:\/\/www.puertolumbreras.es\/ayuntamiento\/wp-content\/uploads\/2023\/06\/DuxC0PKW4AAchmq.png 1200w\" sizes=\"auto, (max-width: 300px) 100vw, 300px\" \/><\/td>\r\n<td><img loading=\"lazy\" decoding=\"async\" class=\"alignnone size-medium wp-image-30072\" src=\"https:\/\/www.puertolumbreras.es\/ayuntamiento\/wp-content\/uploads\/2023\/06\/cavis-169x300.jpg\" alt=\"\" width=\"169\" height=\"300\" srcset=\"https:\/\/www.puertolumbreras.es\/ayuntamiento\/wp-content\/uploads\/2023\/06\/cavis-169x300.jpg 169w, https:\/\/www.puertolumbreras.es\/ayuntamiento\/wp-content\/uploads\/2023\/06\/cavis.jpg 330w\" sizes=\"auto, (max-width: 169px) 100vw, 169px\" \/><\/td>\r\n<\/tr>\r\n<\/tbody>\r\n<\/table>\r\n<p>[\/vc_wp_text][\/vc_column][\/vc_row]","protected":false},"excerpt":{"rendered":"<p>[vc_row][vc_column][vc_column_text] Los CAVIS\u00a0son centros que dependen de la\u00a0Direcci\u00f3n General de Mujer e Igualdad de Oportunidades\u00a0y gestionados en colaboraci\u00f3n con los Ayuntamientos de la Regi\u00f3n, en los que\u00a0se ofrece un tratamiento individual y grupal a mujeres v\u00edctimas de violencia de g\u00e9nero, proporcionando el apoyo necesario para potenciar sus competencias sociales y psicol\u00f3gicas, y para afrontar con [&hellip;]<\/p>\n","protected":false},"author":1,"featured_media":0,"parent":0,"menu_order":0,"comment_status":"closed","ping_status":"closed","template":"","meta":{"footnotes":""},"class_list":["post-30046","page","type-page","status-publish","hentry"],"_links":{"self":[{"href":"https:\/\/www.puertolumbreras.es\/ayuntamiento\/wp-json\/wp\/v2\/pages\/30046","targetHints":{"allow":["GET"]}}],"collection":[{"href":"https:\/\/www.puertolumbreras.es\/ayuntamiento\/wp-json\/wp\/v2\/pages"}],"about":[{"href":"https:\/\/www.puertolumbreras.es\/ayuntamiento\/wp-json\/wp\/v2\/types\/page"}],"author":[{"embeddable":true,"href":"https:\/\/www.puertolumbreras.es\/ayuntamiento\/wp-json\/wp\/v2\/users\/1"}],"replies":[{"embeddable":true,"href":"https:\/\/www.puertolumbreras.es\/ayuntamiento\/wp-json\/wp\/v2\/comments?post=30046"}],"version-history":[{"count":11,"href":"https:\/\/www.puertolumbreras.es\/ayuntamiento\/wp-json\/wp\/v2\/pages\/30046\/revisions"}],"predecessor-version":[{"id":31512,"href":"https:\/\/www.puertolumbreras.es\/ayuntamiento\/wp-json\/wp\/v2\/pages\/30046\/revisions\/31512"}],"wp:attachment":[{"href":"https:\/\/www.puertolumbreras.es\/ayuntamiento\/wp-json\/wp\/v2\/media?parent=30046"}],"curies":[{"name":"wp","href":"https:\/\/api.w.org\/{rel}","templated":true}]}}