{"id":30043,"date":"2023-06-13T07:24:01","date_gmt":"2023-06-13T07:24:01","guid":{"rendered":"https:\/\/www.puertolumbreras.es\/ayuntamiento\/?page_id=30043"},"modified":"2023-06-13T07:58:51","modified_gmt":"2023-06-13T07:58:51","slug":"prevencion-de-la-violencia-hacia-las-mujeres","status":"publish","type":"page","link":"https:\/\/www.puertolumbreras.es\/ayuntamiento\/prevencion-de-la-violencia-hacia-las-mujeres\/","title":{"rendered":"PREVENCI\u00d3N DE LA VIOLENCIA HACIA LAS MUJERES"},"content":{"rendered":"\n<p><em><strong><a href=\"https:\/\/www.puertolumbreras.es\/ayuntamiento\/centro-de-atencion-especializada-a-victimas-de-la-violencia-de-genero-cavi\/\">1. Centro de Atenci\u00f3n Especializada a V\u00edctimas de la Violencia de G\u00e9nero (CAVI)<\/a><\/strong><\/em><\/p>\n\n\n\n<p><em><strong><a href=\"https:\/\/www.puertolumbreras.es\/ayuntamiento\/cavax\/\">2.Recursos para la Atenci\u00f3n Especializada en Violencia Sexual<\/a><\/strong><\/em><\/p>\n\n\n\n<p><em><strong><a href=\"https:\/\/www.puertolumbreras.es\/ayuntamiento\/mesa-local-contra-la-violencia-de-genero\/\">3. Mesa Local contra la Violencia de G\u00e9nero<\/a><\/strong><\/em><\/p>\n\n\n\n<p><em><strong><a href=\"https:\/\/www.puertolumbreras.es\/ayuntamiento\/punto-violeta-de-prevencion-contra-la-violencia-sexual\/\">4. Punto violeta para la feria y fiestas de Puerto Lumbreras<\/a><\/strong><\/em><\/p>\n","protected":false},"excerpt":{"rendered":"<p>1. Centro de Atenci\u00f3n Especializada a V\u00edctimas de la Violencia de G\u00e9nero (CAVI) 2.Recursos para la Atenci\u00f3n Especializada en Violencia Sexual 3. Mesa Local contra la Violencia de G\u00e9nero 4. Punto violeta para la feria y fiestas de Puerto Lumbreras<\/p>\n","protected":false},"author":1,"featured_media":0,"parent":0,"menu_order":0,"comment_status":"closed","ping_status":"closed","template":"","meta":{"footnotes":""},"class_list":["post-30043","page","type-page","status-publish","hentry"],"_links":{"self":[{"href":"https:\/\/www.puertolumbreras.es\/ayuntamiento\/wp-json\/wp\/v2\/pages\/30043","targetHints":{"allow":["GET"]}}],"collection":[{"href":"https:\/\/www.puertolumbreras.es\/ayuntamiento\/wp-json\/wp\/v2\/pages"}],"about":[{"href":"https:\/\/www.puertolumbreras.es\/ayuntamiento\/wp-json\/wp\/v2\/types\/page"}],"author":[{"embeddable":true,"href":"https:\/\/www.puertolumbreras.es\/ayuntamiento\/wp-json\/wp\/v2\/users\/1"}],"replies":[{"embeddable":true,"href":"https:\/\/www.puertolumbreras.es\/ayuntamiento\/wp-json\/wp\/v2\/comments?post=30043"}],"version-history":[{"count":6,"href":"https:\/\/www.puertolumbreras.es\/ayuntamiento\/wp-json\/wp\/v2\/pages\/30043\/revisions"}],"predecessor-version":[{"id":30099,"href":"https:\/\/www.puertolumbreras.es\/ayuntamiento\/wp-json\/wp\/v2\/pages\/30043\/revisions\/30099"}],"wp:attachment":[{"href":"https:\/\/www.puertolumbreras.es\/ayuntamiento\/wp-json\/wp\/v2\/media?parent=30043"}],"curies":[{"name":"wp","href":"https:\/\/api.w.org\/{rel}","templated":true}]}}