{"id":24179,"date":"2021-09-06T08:50:06","date_gmt":"2021-09-06T06:50:06","guid":{"rendered":"https:\/\/www.puertolumbreras.es\/ayuntamiento\/?page_id=24179"},"modified":"2021-09-06T08:50:06","modified_gmt":"2021-09-06T06:50:06","slug":"expediente-3534-2021-de-autorizacion-excepcional-por-interes-publico-para-industria-de-extrusion-de-aluminio-destinada-a-la-fabricacion-de-perfiles-de-aluminio","status":"publish","type":"page","link":"https:\/\/www.puertolumbreras.es\/ayuntamiento\/expediente-3534-2021-de-autorizacion-excepcional-por-interes-publico-para-industria-de-extrusion-de-aluminio-destinada-a-la-fabricacion-de-perfiles-de-aluminio\/","title":{"rendered":"Expediente 3534\/2021 de AUTORIZACI\u00d3N EXCEPCIONAL POR INTER\u00c9S P\u00daBLICO PARA INDUSTRIA DE EXTRUSI\u00d3N DE ALUMINIO DESTINADA A LA FABRICACI\u00d3N DE PERFILES DE ALUMINIO"},"content":{"rendered":"<ul>\n<li><span style=\"color: #000000;\"><a style=\"color: #000000;\" href=\"https:\/\/www.puertolumbreras.es\/ayuntamiento\/wp-content\/uploads\/2021\/09\/ANEXO_I_40058_72701_13.pdf\">ANEXO_I_40058_72701_13<\/a><\/span><\/li>\n<li><span style=\"color: #000000;\"><a style=\"color: #000000;\" href=\"https:\/\/www.puertolumbreras.es\/ayuntamiento\/wp-content\/uploads\/2021\/09\/ANEXO_II_15713_72701_14.pdf\">ANEXO_II_15713_72701_14<\/a><\/span><\/li>\n<li><span style=\"color: #000000;\"> <a style=\"color: #000000;\" href=\"https:\/\/www.puertolumbreras.es\/ayuntamiento\/wp-content\/uploads\/2021\/09\/ANEXO_V_09663_72701_22.pdf\">ANEXO_V_09663_72701_22<\/a> <\/span><\/li>\n<li><span style=\"color: #000000;\"><a style=\"color: #000000;\" href=\"https:\/\/www.puertolumbreras.es\/ayuntamiento\/wp-content\/uploads\/2021\/09\/ANEXO_IV__PLANO_6_60730_72701_21.pdf\">ANEXO_IV__PLANO_6_60730_72701_21<\/a><\/span><\/li>\n<li><span style=\"color: #000000;\"> <a style=\"color: #000000;\" href=\"https:\/\/www.puertolumbreras.es\/ayuntamiento\/wp-content\/uploads\/2021\/09\/ANEXO_IV__PLANO_5_63212_72701_20.pdf\">ANEXO_IV__PLANO_5_63212_72701_20<\/a> <\/span><\/li>\n<li><span style=\"color: #000000;\"><a style=\"color: #000000;\" href=\"https:\/\/www.puertolumbreras.es\/ayuntamiento\/wp-content\/uploads\/2021\/09\/ANEXO_IV__PLANO_4_49692_72701_19.pdf\">ANEXO_IV__PLANO_4_49692_72701_19<\/a><\/span><\/li>\n<li><span style=\"color: #000000;\"> <a style=\"color: #000000;\" href=\"https:\/\/www.puertolumbreras.es\/ayuntamiento\/wp-content\/uploads\/2021\/09\/ANEXO_IV__PLANO_3_48692_72701_18.pdf\">ANEXO_IV__PLANO_3_48692_72701_18<\/a><\/span><\/li>\n<li><span style=\"color: #000000;\"> <a style=\"color: #000000;\" href=\"https:\/\/www.puertolumbreras.es\/ayuntamiento\/wp-content\/uploads\/2021\/09\/ANEXO_IV__PLANO_2_28807_72701_17.pdf\">ANEXO_IV__PLANO_2_28807_72701_17<\/a><\/span><\/li>\n<li><span style=\"color: #000000;\"> <a style=\"color: #000000;\" href=\"https:\/\/www.puertolumbreras.es\/ayuntamiento\/wp-content\/uploads\/2021\/09\/ANEXO_IV__PLANO_1_73657_72701_16.pdf\">ANEXO_IV__PLANO_1_73657_72701_16<\/a> <\/span><\/li>\n<li><a style=\"color: #000000;\" href=\"https:\/\/www.puertolumbreras.es\/ayuntamiento\/wp-content\/uploads\/2021\/09\/MEMORIA_74763_72701_12.pdf\">MEMORIA_74763_72701_12<\/a> <a style=\"color: #000000;\" href=\"https:\/\/www.puertolumbreras.es\/ayuntamiento\/wp-content\/uploads\/2021\/09\/ANEXO_IV__PLANO_1_04709_72701_16.pdf\">ANEXO_IV__PLANO_1_04709_72701_16<\/a><\/li>\n<\/ul>\n<p>&nbsp;<\/p>\n","protected":false},"excerpt":{"rendered":"<p>ANEXO_I_40058_72701_13 ANEXO_II_15713_72701_14 ANEXO_V_09663_72701_22 ANEXO_IV__PLANO_6_60730_72701_21 ANEXO_IV__PLANO_5_63212_72701_20 ANEXO_IV__PLANO_4_49692_72701_19 ANEXO_IV__PLANO_3_48692_72701_18 ANEXO_IV__PLANO_2_28807_72701_17 ANEXO_IV__PLANO_1_73657_72701_16 MEMORIA_74763_72701_12 ANEXO_IV__PLANO_1_04709_72701_16 &nbsp;<\/p>\n","protected":false},"author":1,"featured_media":0,"parent":0,"menu_order":0,"comment_status":"closed","ping_status":"closed","template":"","meta":{"footnotes":""},"class_list":["post-24179","page","type-page","status-publish","hentry"],"_links":{"self":[{"href":"https:\/\/www.puertolumbreras.es\/ayuntamiento\/wp-json\/wp\/v2\/pages\/24179","targetHints":{"allow":["GET"]}}],"collection":[{"href":"https:\/\/www.puertolumbreras.es\/ayuntamiento\/wp-json\/wp\/v2\/pages"}],"about":[{"href":"https:\/\/www.puertolumbreras.es\/ayuntamiento\/wp-json\/wp\/v2\/types\/page"}],"author":[{"embeddable":true,"href":"https:\/\/www.puertolumbreras.es\/ayuntamiento\/wp-json\/wp\/v2\/users\/1"}],"replies":[{"embeddable":true,"href":"https:\/\/www.puertolumbreras.es\/ayuntamiento\/wp-json\/wp\/v2\/comments?post=24179"}],"version-history":[{"count":0,"href":"https:\/\/www.puertolumbreras.es\/ayuntamiento\/wp-json\/wp\/v2\/pages\/24179\/revisions"}],"wp:attachment":[{"href":"https:\/\/www.puertolumbreras.es\/ayuntamiento\/wp-json\/wp\/v2\/media?parent=24179"}],"curies":[{"name":"wp","href":"https:\/\/api.w.org\/{rel}","templated":true}]}}