{"id":23047,"date":"2021-02-24T11:07:14","date_gmt":"2021-02-24T09:07:14","guid":{"rendered":"https:\/\/www.puertolumbreras.es\/ayuntamiento\/?page_id=23047"},"modified":"2021-02-24T11:07:14","modified_gmt":"2021-02-24T09:07:14","slug":"consulta-publica-previa-sobre-la-ordenanza-reguladora-del-servicio-publico-del-cementerio-municipal-san-damian-de-puerto-lumbreras","status":"publish","type":"page","link":"https:\/\/www.puertolumbreras.es\/ayuntamiento\/consulta-publica-previa-sobre-la-ordenanza-reguladora-del-servicio-publico-del-cementerio-municipal-san-damian-de-puerto-lumbreras\/","title":{"rendered":"CONSULTA P\u00daBLICA PREVIA SOBRE LA ORDENANZA REGULADORA DEL SERVICIO P\u00daBLICO DEL CEMENTERIO MUNICIPAL \u201cSAN DAMI\u00c1N\u201d DE PUERTO LUMBRERAS"},"content":{"rendered":"<p>\u00abCONSULTA P\u00daBLICA<\/p>\n<p>En su calidad de Administraciones P\u00fablicas de car\u00e1cter territorial, y dentro de la esfera de sus competencias, les corresponde a los municipios las potestades reglamentaria y de autoorganizaci\u00f3n. Desarrollando un poco m\u00e1s ese principio constitutivo y atributivo de facultades y potestades a los Ayuntamientos, la Ley 7\/1985, de 2 de abril, Reguladora de las Bases del R\u00e9gimen Local en su art\u00edculo 84.1.a) autoriza a las entidades locales a intervenir la actividad de los ciudadanos, entre otros medios, a trav\u00e9s de las ordenanzas, que constituyen una t\u00edpica manifestaci\u00f3n de la potestad normativa local.<\/p>\n<p>Por su parte, el art\u00edculo 7 del Reglamento de Servicios de las Corporaciones Locales (RSCL), establece que las disposiciones acordadas por las corporaciones locales para regir con car\u00e1cter general revestir\u00e1n la forma de ordenanza o reglamento. No obstante esta presentaci\u00f3n indistinta, suele ser pac\u00edfica la consideraci\u00f3n de que la ordenanza responde a las disposiciones locales de car\u00e1cter general dictadas en ejercicio de sus potestades de polic\u00eda, utilizando la denominaci\u00f3n de reglamentos para aquellas otras dictadas en el \u00e1mbito de los servicios p\u00fablicos locales, potestad de autoorganizaci\u00f3n o potestad dom\u00e9stica.<\/p>\n<p>De acuerdo con lo previsto en el Articulo 133 de la Ley 39\/2015 de 1 de octubre de 2015 del Procedimiento Administrativo Com\u00fan de las Administraciones P\u00fablicas, \u00e9stas, con car\u00e1cter previo a la elaboraci\u00f3n de un proyecto o anteproyecto normativo, deben sustanciar una consulta p\u00fablica a trav\u00e9s del Portal web de la Administraci\u00f3n competente, a fin de recabar la opini\u00f3n de los sujetos, personas y organizaciones m\u00e1s representativas, potencialmente afectados por estas futuras actuaciones.<\/p>\n<p>La consulta p\u00fablica abordar\u00e1 la necesidad y la oportunidad de su aprobaci\u00f3n, el cumplimiento de los objetivos que se pretenden, as\u00ed como otras posibles soluciones alternativas regulatorias o no, en relaci\u00f3n con este proyecto.<\/p>\n<p>Para dar cumplimiento a lo dispuesto en la citada Ley, estando prevista la elaboraci\u00f3n de la correspondiente Ordenanza reguladora de los usos del cementerio municipal de Puerto Lumbreras para su aprobaci\u00f3n en una pr\u00f3xima sesi\u00f3n plenaria, se abre un periodo de consulta p\u00fablica de veinte d\u00edas h\u00e1biles contados a partir del siguiente a la publicaci\u00f3n de este anuncio en el Tabl\u00f3n de Edictos del Ayuntamiento, para que las personas y organizaciones m\u00e1s representativas que puedan considerarse afectadas por esta futura norma puedan manifestar y presentar (presencialmente o en la sede electr\u00f3nica mediante solicitud normalizada) su opini\u00f3n y aportaciones a esta Ordenanza sobre los aspectos planteados en el documento informativo (memoria) que se incluye a continuaci\u00f3n.\u00bb<\/p>\n<p><span style=\"color: #000000;\"><a style=\"color: #000000;\" href=\"https:\/\/www.puertolumbreras.es\/ayuntamiento\/wp-content\/uploads\/2021\/02\/MEMORIA_PARA_CONSULTA_PREVIA_.pdf\">MEMORIA PARA CONSULTA PREVIA<\/a><\/span><\/p>\n","protected":false},"excerpt":{"rendered":"<p>\u00abCONSULTA P\u00daBLICA En su calidad de Administraciones P\u00fablicas de car\u00e1cter territorial, y dentro de la esfera de sus competencias, les corresponde a los municipios las potestades reglamentaria y de autoorganizaci\u00f3n. Desarrollando un poco m\u00e1s ese principio constitutivo y atributivo de facultades y potestades a los Ayuntamientos, la Ley 7\/1985, de 2 de abril, Reguladora de [&hellip;]<\/p>\n","protected":false},"author":1,"featured_media":0,"parent":0,"menu_order":0,"comment_status":"closed","ping_status":"closed","template":"","meta":{"footnotes":""},"class_list":["post-23047","page","type-page","status-publish","hentry"],"_links":{"self":[{"href":"https:\/\/www.puertolumbreras.es\/ayuntamiento\/wp-json\/wp\/v2\/pages\/23047","targetHints":{"allow":["GET"]}}],"collection":[{"href":"https:\/\/www.puertolumbreras.es\/ayuntamiento\/wp-json\/wp\/v2\/pages"}],"about":[{"href":"https:\/\/www.puertolumbreras.es\/ayuntamiento\/wp-json\/wp\/v2\/types\/page"}],"author":[{"embeddable":true,"href":"https:\/\/www.puertolumbreras.es\/ayuntamiento\/wp-json\/wp\/v2\/users\/1"}],"replies":[{"embeddable":true,"href":"https:\/\/www.puertolumbreras.es\/ayuntamiento\/wp-json\/wp\/v2\/comments?post=23047"}],"version-history":[{"count":0,"href":"https:\/\/www.puertolumbreras.es\/ayuntamiento\/wp-json\/wp\/v2\/pages\/23047\/revisions"}],"wp:attachment":[{"href":"https:\/\/www.puertolumbreras.es\/ayuntamiento\/wp-json\/wp\/v2\/media?parent=23047"}],"curies":[{"name":"wp","href":"https:\/\/api.w.org\/{rel}","templated":true}]}}